{"id":961,"date":"2025-03-31T21:19:43","date_gmt":"2025-03-31T19:19:43","guid":{"rendered":"https:\/\/judofranconville.com\/?page_id=961"},"modified":"2025-03-31T21:19:43","modified_gmt":"2025-03-31T19:19:43","slug":"code-moral","status":"publish","type":"page","link":"https:\/\/judofranconville.com\/index.php\/code-moral\/","title":{"rendered":"Code-Moral"},"content":{"rendered":"\n<h2 class=\"wp-block-heading\">Code moral du Judo<\/h2>\n\n\n\n<hr class=\"wp-block-separator has-alpha-channel-opacity\"\/>\n\n\n\n<ul class=\"wp-block-list\">\n<li>La politesse,\u00a0<em>c&rsquo;est le respect des autres<\/em><\/li>\n\n\n\n<li>Le courage,\u00a0<em>c&rsquo;est faire ce qui est juste<\/em><\/li>\n\n\n\n<li>La sinc\u00e9rit\u00e9,\u00a0<em>c&rsquo;est s&rsquo;exprimer sans d\u00e9guiser sa pens\u00e9e<\/em><\/li>\n\n\n\n<li>L&rsquo;honneur,\u00a0<em>c&rsquo;est \u00eatre fid\u00e8le \u00e0 la parole donn\u00e9e<\/em><\/li>\n\n\n\n<li>La modestie,\u00a0<em>c&rsquo;est parler de soi-m\u00eame sans orgueil<\/em><\/li>\n\n\n\n<li>Le respect,\u00a0<em>sans respect aucune confiance ne peut na\u00eetre<\/em><\/li>\n\n\n\n<li>Le contr\u00f4le de soi,\u00a0<em>c&rsquo;est savoir se taire lorsque monte sa col\u00e8re<\/em><\/li>\n\n\n\n<li>L&rsquo;amiti\u00e9,\u00a0<em>c&rsquo;est le plus pur et le plus fort des sentiments humains<\/em>.<\/li>\n<\/ul>\n\n\n\n<p>Lorsqu&rsquo;il a cr\u00e9\u00e9 le judo, Jigor\u00f4 Kano voulait extraire du Jiu-jitsu un moyen d&rsquo;\u00e9ducation du corps et de l&rsquo;esprit \u00ab&nbsp;adapt\u00e9 \u00e0 l&rsquo;\u00e9ducation de toute une nation&nbsp;\u00bb. Depuis sa cr\u00e9ation, l&rsquo;enseignement du judo est accompagn\u00e9 de l&rsquo;inculcation au judoka de fortes valeurs morales.<\/p>\n\n\n\n<p>La plus connue d&rsquo;entre elles est peut \u00eatre le fait qu&rsquo;on apprend aux jeunes judokas que c&rsquo;est \u00ab\u00a0mal\u00a0\u00bb de fuir un combat (en effet, dans un entrainement de judo, lorsqu&rsquo;un autre judoka vient vous demander d&rsquo;\u00eatre son partenaire pour un&nbsp;<em>randori<\/em>, vous n&rsquo;avez pas le droit de refuser, m\u00eame lorsque vous savez qu&rsquo;il est beaucoup plus fort que vous).<\/p>\n\n\n\n<p>Le respect et la confiance que l&rsquo;on accorde \u00e0 son adversaire lors d&rsquo;un combat de judo sont primordiaux. En effet, lorsqu&rsquo;un judoka fait chuter son adversaire, il doit garder le contr\u00f4le de sa prise, et la plupart des prises n\u00e9cessitent de retenir son adversaire pour qu&rsquo;il chute \u00ab\u00a0correctement\u00a0\u00bb. \u00c0 d\u00e9faut, l&rsquo;adversaire pourrait \u00eatre gravement bless\u00e9. Les cl\u00e9s de bras pourraient facilement disloquer ou d\u00e9boiter les articulations de son adversaire. Les \u00e9tranglements, s&rsquo;ils \u00e9taient mal ex\u00e9cut\u00e9s ou mal maitris\u00e9s, pourraient eux aussi \u00eatre tr\u00e8s dangereux. Mais le respect et la confiance du judoka envers un autre judoka lors d&rsquo;un combat sont absolus. Gr\u00e2ce \u00e0 cela, et malgr\u00e9 la grande dangerosit\u00e9 des prises effectu\u00e9es, le judo est l&rsquo;un des sports o\u00f9 surviennent le moins de blessures et d&rsquo;accidents; de nombreux pratiquants n&rsquo;ont jamais connu la moindre blessure, que ce soit \u00e0 l&rsquo;entrainement ou en comp\u00e9tition, et ce m\u00eame apr\u00e8s plus de dix ans de pratique r\u00e9guli\u00e8re. Au judo, les valeurs morales sont plus importantes que la technique elle-m\u00eame.<\/p>\n\n\n\n<p>Les nombreux saluts sont la marque la plus visible du respect qui r\u00e9git le judo.<\/p>\n\n\n\n<p><em>Source Wikip\u00e9dia<\/em><\/p>\n","protected":false},"excerpt":{"rendered":"<p>Code moral du Judo Lorsqu&rsquo;il a cr\u00e9\u00e9 le judo, Jigor\u00f4 Kano voulait extraire du Jiu-jitsu un moyen d&rsquo;\u00e9ducation du corps et de l&rsquo;esprit \u00ab&nbsp;adapt\u00e9 \u00e0 l&rsquo;\u00e9ducation de toute une nation&nbsp;\u00bb. Depuis sa cr\u00e9ation, l&rsquo;enseignement du judo est accompagn\u00e9 de l&rsquo;inculcation au judoka de fortes valeurs morales. La plus connue d&rsquo;entre elles est peut \u00eatre le &hellip; <\/p>\n<p class=\"link-more\"><a href=\"https:\/\/judofranconville.com\/index.php\/code-moral\/\" class=\"more-link\">Continuer la lecture<span class=\"screen-reader-text\"> de &laquo;&nbsp;Code-Moral&nbsp;&raquo;<\/span><\/a><\/p>\n","protected":false},"author":1,"featured_media":0,"parent":0,"menu_order":0,"comment_status":"closed","ping_status":"closed","template":"","meta":{"_mc_calendar":[],"footnotes":""},"class_list":["post-961","page","type-page","status-publish","hentry"],"yoast_head":"<!-- This site is optimized with the Yoast SEO plugin v27.5 - https:\/\/yoast.com\/product\/yoast-seo-wordpress\/ -->\n<title>Code-Moral - Judo Club Franconville<\/title>\n<meta name=\"robots\" content=\"index, follow, max-snippet:-1, max-image-preview:large, max-video-preview:-1\" \/>\n<link rel=\"canonical\" href=\"https:\/\/judofranconville.com\/index.php\/code-moral\/\" \/>\n<meta property=\"og:locale\" content=\"fr_FR\" \/>\n<meta property=\"og:type\" content=\"article\" \/>\n<meta property=\"og:title\" content=\"Code-Moral - Judo Club Franconville\" \/>\n<meta property=\"og:description\" content=\"Code moral du Judo Lorsqu&rsquo;il a cr\u00e9\u00e9 le judo, Jigor\u00f4 Kano voulait extraire du Jiu-jitsu un moyen d&rsquo;\u00e9ducation du corps et de l&rsquo;esprit \u00ab&nbsp;adapt\u00e9 \u00e0 l&rsquo;\u00e9ducation de toute une nation&nbsp;\u00bb. Depuis sa cr\u00e9ation, l&rsquo;enseignement du judo est accompagn\u00e9 de l&rsquo;inculcation au judoka de fortes valeurs morales. La plus connue d&rsquo;entre elles est peut \u00eatre le &hellip; Continuer la lecture de &laquo;&nbsp;Code-Moral&nbsp;&raquo;\" \/>\n<meta property=\"og:url\" content=\"https:\/\/judofranconville.com\/index.php\/code-moral\/\" \/>\n<meta property=\"og:site_name\" content=\"Judo Club Franconville\" \/>\n<meta property=\"article:publisher\" content=\"https:\/\/www.facebook.com\/jc.franconville\" \/>\n<meta name=\"twitter:card\" content=\"summary_large_image\" \/>\n<meta name=\"twitter:label1\" content=\"Dur\u00e9e de lecture estim\u00e9e\" \/>\n\t<meta name=\"twitter:data1\" content=\"2 minutes\" \/>\n<script type=\"application\/ld+json\" class=\"yoast-schema-graph\">{\"@context\":\"https:\\\/\\\/schema.org\",\"@graph\":[{\"@type\":\"WebPage\",\"@id\":\"https:\\\/\\\/judofranconville.com\\\/index.php\\\/code-moral\\\/\",\"url\":\"https:\\\/\\\/judofranconville.com\\\/index.php\\\/code-moral\\\/\",\"name\":\"Code-Moral - Judo Club Franconville\",\"isPartOf\":{\"@id\":\"https:\\\/\\\/judofranconville.com\\\/#website\"},\"datePublished\":\"2025-03-31T19:19:43+00:00\",\"breadcrumb\":{\"@id\":\"https:\\\/\\\/judofranconville.com\\\/index.php\\\/code-moral\\\/#breadcrumb\"},\"inLanguage\":\"fr-FR\",\"potentialAction\":[{\"@type\":\"ReadAction\",\"target\":[\"https:\\\/\\\/judofranconville.com\\\/index.php\\\/code-moral\\\/\"]}]},{\"@type\":\"BreadcrumbList\",\"@id\":\"https:\\\/\\\/judofranconville.com\\\/index.php\\\/code-moral\\\/#breadcrumb\",\"itemListElement\":[{\"@type\":\"ListItem\",\"position\":1,\"name\":\"Accueil\",\"item\":\"https:\\\/\\\/judofranconville.com\\\/\"},{\"@type\":\"ListItem\",\"position\":2,\"name\":\"Code-Moral\"}]},{\"@type\":\"WebSite\",\"@id\":\"https:\\\/\\\/judofranconville.com\\\/#website\",\"url\":\"https:\\\/\\\/judofranconville.com\\\/\",\"name\":\"Judo Club Franconville\",\"description\":\"Le judo...Notre passion\",\"potentialAction\":[{\"@type\":\"SearchAction\",\"target\":{\"@type\":\"EntryPoint\",\"urlTemplate\":\"https:\\\/\\\/judofranconville.com\\\/?s={search_term_string}\"},\"query-input\":{\"@type\":\"PropertyValueSpecification\",\"valueRequired\":true,\"valueName\":\"search_term_string\"}}],\"inLanguage\":\"fr-FR\"}]}<\/script>\n<!-- \/ Yoast SEO plugin. -->","yoast_head_json":{"title":"Code-Moral - Judo Club Franconville","robots":{"index":"index","follow":"follow","max-snippet":"max-snippet:-1","max-image-preview":"max-image-preview:large","max-video-preview":"max-video-preview:-1"},"canonical":"https:\/\/judofranconville.com\/index.php\/code-moral\/","og_locale":"fr_FR","og_type":"article","og_title":"Code-Moral - Judo Club Franconville","og_description":"Code moral du Judo Lorsqu&rsquo;il a cr\u00e9\u00e9 le judo, Jigor\u00f4 Kano voulait extraire du Jiu-jitsu un moyen d&rsquo;\u00e9ducation du corps et de l&rsquo;esprit \u00ab&nbsp;adapt\u00e9 \u00e0 l&rsquo;\u00e9ducation de toute une nation&nbsp;\u00bb. Depuis sa cr\u00e9ation, l&rsquo;enseignement du judo est accompagn\u00e9 de l&rsquo;inculcation au judoka de fortes valeurs morales. La plus connue d&rsquo;entre elles est peut \u00eatre le &hellip; Continuer la lecture de &laquo;&nbsp;Code-Moral&nbsp;&raquo;","og_url":"https:\/\/judofranconville.com\/index.php\/code-moral\/","og_site_name":"Judo Club Franconville","article_publisher":"https:\/\/www.facebook.com\/jc.franconville","twitter_card":"summary_large_image","twitter_misc":{"Dur\u00e9e de lecture estim\u00e9e":"2 minutes"},"schema":{"@context":"https:\/\/schema.org","@graph":[{"@type":"WebPage","@id":"https:\/\/judofranconville.com\/index.php\/code-moral\/","url":"https:\/\/judofranconville.com\/index.php\/code-moral\/","name":"Code-Moral - Judo Club Franconville","isPartOf":{"@id":"https:\/\/judofranconville.com\/#website"},"datePublished":"2025-03-31T19:19:43+00:00","breadcrumb":{"@id":"https:\/\/judofranconville.com\/index.php\/code-moral\/#breadcrumb"},"inLanguage":"fr-FR","potentialAction":[{"@type":"ReadAction","target":["https:\/\/judofranconville.com\/index.php\/code-moral\/"]}]},{"@type":"BreadcrumbList","@id":"https:\/\/judofranconville.com\/index.php\/code-moral\/#breadcrumb","itemListElement":[{"@type":"ListItem","position":1,"name":"Accueil","item":"https:\/\/judofranconville.com\/"},{"@type":"ListItem","position":2,"name":"Code-Moral"}]},{"@type":"WebSite","@id":"https:\/\/judofranconville.com\/#website","url":"https:\/\/judofranconville.com\/","name":"Judo Club Franconville","description":"Le judo...Notre passion","potentialAction":[{"@type":"SearchAction","target":{"@type":"EntryPoint","urlTemplate":"https:\/\/judofranconville.com\/?s={search_term_string}"},"query-input":{"@type":"PropertyValueSpecification","valueRequired":true,"valueName":"search_term_string"}}],"inLanguage":"fr-FR"}]}},"_links":{"self":[{"href":"https:\/\/judofranconville.com\/index.php\/wp-json\/wp\/v2\/pages\/961","targetHints":{"allow":["GET"]}}],"collection":[{"href":"https:\/\/judofranconville.com\/index.php\/wp-json\/wp\/v2\/pages"}],"about":[{"href":"https:\/\/judofranconville.com\/index.php\/wp-json\/wp\/v2\/types\/page"}],"author":[{"embeddable":true,"href":"https:\/\/judofranconville.com\/index.php\/wp-json\/wp\/v2\/users\/1"}],"replies":[{"embeddable":true,"href":"https:\/\/judofranconville.com\/index.php\/wp-json\/wp\/v2\/comments?post=961"}],"version-history":[{"count":1,"href":"https:\/\/judofranconville.com\/index.php\/wp-json\/wp\/v2\/pages\/961\/revisions"}],"predecessor-version":[{"id":962,"href":"https:\/\/judofranconville.com\/index.php\/wp-json\/wp\/v2\/pages\/961\/revisions\/962"}],"wp:attachment":[{"href":"https:\/\/judofranconville.com\/index.php\/wp-json\/wp\/v2\/media?parent=961"}],"curies":[{"name":"wp","href":"https:\/\/api.w.org\/{rel}","templated":true}]}}