{"id":86,"date":"2020-02-07T19:08:09","date_gmt":"2020-02-07T18:08:09","guid":{"rendered":"http:\/\/judofranconville.com\/?page_id=86"},"modified":"2025-03-31T20:35:52","modified_gmt":"2025-03-31T18:35:52","slug":"inscriptions","status":"publish","type":"page","link":"https:\/\/judofranconville.com\/index.php\/inscriptions\/","title":{"rendered":"Inscriptions"},"content":{"rendered":"\t\t<div data-elementor-type=\"wp-page\" data-elementor-id=\"86\" class=\"elementor elementor-86\">\n\t\t\t\t\t\t<section class=\"elementor-section elementor-top-section elementor-element elementor-element-2e0add0 elementor-section-boxed elementor-section-height-default elementor-section-height-default\" data-id=\"2e0add0\" data-element_type=\"section\" data-e-type=\"section\">\n\t\t\t\t\t\t<div class=\"elementor-container elementor-column-gap-default\">\n\t\t\t\t\t<div class=\"elementor-column elementor-col-100 elementor-top-column elementor-element elementor-element-c7b04e5\" data-id=\"c7b04e5\" data-element_type=\"column\" data-e-type=\"column\">\n\t\t\t<div class=\"elementor-widget-wrap elementor-element-populated\">\n\t\t\t\t\t\t<div class=\"elementor-element elementor-element-b95c6aa elementor-widget elementor-widget-heading\" data-id=\"b95c6aa\" data-element_type=\"widget\" data-e-type=\"widget\" data-widget_type=\"heading.default\">\n\t\t\t\t<div class=\"elementor-widget-container\">\n\t\t\t\t\t<h2 class=\"elementor-heading-title elementor-size-default\">Inscriptions<\/h2>\t\t\t\t<\/div>\n\t\t\t\t<\/div>\n\t\t\t\t\t<\/div>\n\t\t<\/div>\n\t\t\t\t\t<\/div>\n\t\t<\/section>\n\t\t\t\t<section class=\"elementor-section elementor-top-section elementor-element elementor-element-550740f elementor-section-boxed elementor-section-height-default elementor-section-height-default\" data-id=\"550740f\" data-element_type=\"section\" data-e-type=\"section\">\n\t\t\t\t\t\t<div class=\"elementor-container elementor-column-gap-default\">\n\t\t\t\t\t<div class=\"elementor-column elementor-col-100 elementor-top-column elementor-element elementor-element-d7c8f28\" data-id=\"d7c8f28\" data-element_type=\"column\" data-e-type=\"column\">\n\t\t\t<div class=\"elementor-widget-wrap elementor-element-populated\">\n\t\t\t\t\t\t<div class=\"elementor-element elementor-element-f57644e elementor-widget elementor-widget-text-editor\" data-id=\"f57644e\" data-element_type=\"widget\" data-e-type=\"widget\" data-widget_type=\"text-editor.default\">\n\t\t\t\t<div class=\"elementor-widget-container\">\n\t\t\t\t\t\t\t\t\t<div><p style=\"text-align: center;\">L\u2019adh\u00e9sion au Judo Club de Franconville sera disponible au forum des associations.<\/p><p>Il nous faudra :<\/p><ul><li>une photo d&rsquo;identit\u00e9,<\/li><li><span style=\"color: var( --e-global-color-text ); font-family: var( --e-global-typography-text-font-family ), Sans-serif; font-weight: var( --e-global-typography-text-font-weight ); font-size: 1rem;\">le r\u00e8glement pour la licence f\u00e9d\u00e9rale obligatoire et la cotisation (CB, Virement ou ch\u00e8que)<\/span><\/li><\/ul><p>Nous vous pr\u00e9cisons que votre inscription ne sera valid\u00e9e qu\u2019apr\u00e8s r\u00e8glement de la cotisation et de la licence.<u><\/u><u><\/u><\/p><p>Si les quotas d\u2019un cours est atteint, les inscriptions pour ce cours seront closes, ne tardez pas\u00a0!<\/p><p>Lors de l\u2019inscription, \u00a0pour les mineurs, la pr\u00e9sence du repr\u00e9sentant l\u00e9gal, d\u00e9tenteur de l\u2019autorit\u00e9 parentale, est obligatoire.<\/p><p>Pour les cours, il faudra :<\/p><ul><li>un judogi (kimono pour la pratique du judo)<\/li><li>une paire de zori (chausson ou claquette)<\/li><li>une bouteille d&rsquo;eau pour\u00a0s&rsquo;hydrater durant les s\u00e9ances<\/li><\/ul><p><span style=\"font-size: 1rem;\">Le club dispose a la vente\u00a0de pack d\u2019\u00e9quipements complets et de Kimonos de qualit\u00e9 aux couleurs du club\u00a0!!! n\u2019h\u00e9sitez pas \u00e0 en faire la commande\u00a0avant l\u2019\u00e9puisement des stocks\u00a0!!! <\/span><\/p><p><span style=\"font-size: 1rem;\">N&rsquo;h\u00e9sitez pas \u00e0 demander tout renseignement sur place.<\/span><\/p><\/div><div><div>\u00a0<\/div><\/div>\t\t\t\t\t\t\t\t<\/div>\n\t\t\t\t<\/div>\n\t\t\t\t\t<\/div>\n\t\t<\/div>\n\t\t\t\t\t<\/div>\n\t\t<\/section>\n\t\t\t\t<section class=\"elementor-section elementor-top-section elementor-element elementor-element-a03b834 elementor-section-boxed elementor-section-height-default elementor-section-height-default\" data-id=\"a03b834\" data-element_type=\"section\" data-e-type=\"section\">\n\t\t\t\t\t\t<div class=\"elementor-container elementor-column-gap-default\">\n\t\t\t\t\t<div class=\"elementor-column elementor-col-100 elementor-top-column elementor-element elementor-element-e01a54b\" data-id=\"e01a54b\" data-element_type=\"column\" data-e-type=\"column\">\n\t\t\t<div class=\"elementor-widget-wrap elementor-element-populated\">\n\t\t\t\t\t\t<div class=\"elementor-element elementor-element-0a18720 elementor-widget elementor-widget-heading\" data-id=\"0a18720\" data-element_type=\"widget\" data-e-type=\"widget\" data-widget_type=\"heading.default\">\n\t\t\t\t<div class=\"elementor-widget-container\">\n\t\t\t\t\t<h2 class=\"elementor-heading-title elementor-size-default\"><a href=\"https:\/\/judofranconville.com\/index.php\/grille-des-tarifs\/\" target=\"_blank\">Grille des tarifs<\/a><\/h2>\t\t\t\t<\/div>\n\t\t\t\t<\/div>\n\t\t\t\t\t<\/div>\n\t\t<\/div>\n\t\t\t\t\t<\/div>\n\t\t<\/section>\n\t\t\t\t<\/div>\n\t\t","protected":false},"excerpt":{"rendered":"<p>Inscriptions L\u2019adh\u00e9sion au Judo Club de Franconville sera disponible au forum des associations. Il nous faudra : une photo d&rsquo;identit\u00e9, le r\u00e8glement pour la licence f\u00e9d\u00e9rale obligatoire et la cotisation (CB, Virement ou ch\u00e8que) Nous vous pr\u00e9cisons que votre inscription ne sera valid\u00e9e qu\u2019apr\u00e8s r\u00e8glement de la cotisation et de la licence. Si les quotas &hellip; <\/p>\n<p class=\"link-more\"><a href=\"https:\/\/judofranconville.com\/index.php\/inscriptions\/\" class=\"more-link\">Continuer la lecture<span class=\"screen-reader-text\"> de &laquo;&nbsp;Inscriptions&nbsp;&raquo;<\/span><\/a><\/p>\n","protected":false},"author":1,"featured_media":0,"parent":0,"menu_order":0,"comment_status":"closed","ping_status":"closed","template":"","meta":{"_mc_calendar":[],"footnotes":""},"class_list":["post-86","page","type-page","status-publish","hentry"],"yoast_head":"<!-- This site is optimized with the Yoast SEO plugin v27.5 - https:\/\/yoast.com\/product\/yoast-seo-wordpress\/ -->\n<title>Inscriptions - Judo Club Franconville<\/title>\n<meta name=\"robots\" content=\"index, follow, max-snippet:-1, max-image-preview:large, max-video-preview:-1\" \/>\n<link rel=\"canonical\" href=\"https:\/\/judofranconville.com\/index.php\/inscriptions\/\" \/>\n<meta property=\"og:locale\" content=\"fr_FR\" \/>\n<meta property=\"og:type\" content=\"article\" \/>\n<meta property=\"og:title\" content=\"Inscriptions - Judo Club Franconville\" \/>\n<meta property=\"og:description\" content=\"Inscriptions L\u2019adh\u00e9sion au Judo Club de Franconville sera disponible au forum des associations. Il nous faudra : une photo d&rsquo;identit\u00e9, le r\u00e8glement pour la licence f\u00e9d\u00e9rale obligatoire et la cotisation (CB, Virement ou ch\u00e8que) Nous vous pr\u00e9cisons que votre inscription ne sera valid\u00e9e qu\u2019apr\u00e8s r\u00e8glement de la cotisation et de la licence. Si les quotas &hellip; Continuer la lecture de &laquo;&nbsp;Inscriptions&nbsp;&raquo;\" \/>\n<meta property=\"og:url\" content=\"https:\/\/judofranconville.com\/index.php\/inscriptions\/\" \/>\n<meta property=\"og:site_name\" content=\"Judo Club Franconville\" \/>\n<meta property=\"article:publisher\" content=\"https:\/\/www.facebook.com\/jc.franconville\" \/>\n<meta property=\"article:modified_time\" content=\"2025-03-31T18:35:52+00:00\" \/>\n<meta name=\"twitter:card\" content=\"summary_large_image\" \/>\n<meta name=\"twitter:label1\" content=\"Dur\u00e9e de lecture estim\u00e9e\" \/>\n\t<meta name=\"twitter:data1\" content=\"2 minutes\" \/>\n<script type=\"application\/ld+json\" class=\"yoast-schema-graph\">{\"@context\":\"https:\\\/\\\/schema.org\",\"@graph\":[{\"@type\":\"WebPage\",\"@id\":\"https:\\\/\\\/judofranconville.com\\\/index.php\\\/inscriptions\\\/\",\"url\":\"https:\\\/\\\/judofranconville.com\\\/index.php\\\/inscriptions\\\/\",\"name\":\"Inscriptions - Judo Club Franconville\",\"isPartOf\":{\"@id\":\"https:\\\/\\\/judofranconville.com\\\/#website\"},\"datePublished\":\"2020-02-07T18:08:09+00:00\",\"dateModified\":\"2025-03-31T18:35:52+00:00\",\"breadcrumb\":{\"@id\":\"https:\\\/\\\/judofranconville.com\\\/index.php\\\/inscriptions\\\/#breadcrumb\"},\"inLanguage\":\"fr-FR\",\"potentialAction\":[{\"@type\":\"ReadAction\",\"target\":[\"https:\\\/\\\/judofranconville.com\\\/index.php\\\/inscriptions\\\/\"]}]},{\"@type\":\"BreadcrumbList\",\"@id\":\"https:\\\/\\\/judofranconville.com\\\/index.php\\\/inscriptions\\\/#breadcrumb\",\"itemListElement\":[{\"@type\":\"ListItem\",\"position\":1,\"name\":\"Accueil\",\"item\":\"https:\\\/\\\/judofranconville.com\\\/\"},{\"@type\":\"ListItem\",\"position\":2,\"name\":\"Inscriptions\"}]},{\"@type\":\"WebSite\",\"@id\":\"https:\\\/\\\/judofranconville.com\\\/#website\",\"url\":\"https:\\\/\\\/judofranconville.com\\\/\",\"name\":\"Judo Club Franconville\",\"description\":\"Le judo...Notre passion\",\"potentialAction\":[{\"@type\":\"SearchAction\",\"target\":{\"@type\":\"EntryPoint\",\"urlTemplate\":\"https:\\\/\\\/judofranconville.com\\\/?s={search_term_string}\"},\"query-input\":{\"@type\":\"PropertyValueSpecification\",\"valueRequired\":true,\"valueName\":\"search_term_string\"}}],\"inLanguage\":\"fr-FR\"}]}<\/script>\n<!-- \/ Yoast SEO plugin. -->","yoast_head_json":{"title":"Inscriptions - Judo Club Franconville","robots":{"index":"index","follow":"follow","max-snippet":"max-snippet:-1","max-image-preview":"max-image-preview:large","max-video-preview":"max-video-preview:-1"},"canonical":"https:\/\/judofranconville.com\/index.php\/inscriptions\/","og_locale":"fr_FR","og_type":"article","og_title":"Inscriptions - Judo Club Franconville","og_description":"Inscriptions L\u2019adh\u00e9sion au Judo Club de Franconville sera disponible au forum des associations. Il nous faudra : une photo d&rsquo;identit\u00e9, le r\u00e8glement pour la licence f\u00e9d\u00e9rale obligatoire et la cotisation (CB, Virement ou ch\u00e8que) Nous vous pr\u00e9cisons que votre inscription ne sera valid\u00e9e qu\u2019apr\u00e8s r\u00e8glement de la cotisation et de la licence. Si les quotas &hellip; Continuer la lecture de &laquo;&nbsp;Inscriptions&nbsp;&raquo;","og_url":"https:\/\/judofranconville.com\/index.php\/inscriptions\/","og_site_name":"Judo Club Franconville","article_publisher":"https:\/\/www.facebook.com\/jc.franconville","article_modified_time":"2025-03-31T18:35:52+00:00","twitter_card":"summary_large_image","twitter_misc":{"Dur\u00e9e de lecture estim\u00e9e":"2 minutes"},"schema":{"@context":"https:\/\/schema.org","@graph":[{"@type":"WebPage","@id":"https:\/\/judofranconville.com\/index.php\/inscriptions\/","url":"https:\/\/judofranconville.com\/index.php\/inscriptions\/","name":"Inscriptions - Judo Club Franconville","isPartOf":{"@id":"https:\/\/judofranconville.com\/#website"},"datePublished":"2020-02-07T18:08:09+00:00","dateModified":"2025-03-31T18:35:52+00:00","breadcrumb":{"@id":"https:\/\/judofranconville.com\/index.php\/inscriptions\/#breadcrumb"},"inLanguage":"fr-FR","potentialAction":[{"@type":"ReadAction","target":["https:\/\/judofranconville.com\/index.php\/inscriptions\/"]}]},{"@type":"BreadcrumbList","@id":"https:\/\/judofranconville.com\/index.php\/inscriptions\/#breadcrumb","itemListElement":[{"@type":"ListItem","position":1,"name":"Accueil","item":"https:\/\/judofranconville.com\/"},{"@type":"ListItem","position":2,"name":"Inscriptions"}]},{"@type":"WebSite","@id":"https:\/\/judofranconville.com\/#website","url":"https:\/\/judofranconville.com\/","name":"Judo Club Franconville","description":"Le judo...Notre passion","potentialAction":[{"@type":"SearchAction","target":{"@type":"EntryPoint","urlTemplate":"https:\/\/judofranconville.com\/?s={search_term_string}"},"query-input":{"@type":"PropertyValueSpecification","valueRequired":true,"valueName":"search_term_string"}}],"inLanguage":"fr-FR"}]}},"_links":{"self":[{"href":"https:\/\/judofranconville.com\/index.php\/wp-json\/wp\/v2\/pages\/86","targetHints":{"allow":["GET"]}}],"collection":[{"href":"https:\/\/judofranconville.com\/index.php\/wp-json\/wp\/v2\/pages"}],"about":[{"href":"https:\/\/judofranconville.com\/index.php\/wp-json\/wp\/v2\/types\/page"}],"author":[{"embeddable":true,"href":"https:\/\/judofranconville.com\/index.php\/wp-json\/wp\/v2\/users\/1"}],"replies":[{"embeddable":true,"href":"https:\/\/judofranconville.com\/index.php\/wp-json\/wp\/v2\/comments?post=86"}],"version-history":[{"count":66,"href":"https:\/\/judofranconville.com\/index.php\/wp-json\/wp\/v2\/pages\/86\/revisions"}],"predecessor-version":[{"id":953,"href":"https:\/\/judofranconville.com\/index.php\/wp-json\/wp\/v2\/pages\/86\/revisions\/953"}],"wp:attachment":[{"href":"https:\/\/judofranconville.com\/index.php\/wp-json\/wp\/v2\/media?parent=86"}],"curies":[{"name":"wp","href":"https:\/\/api.w.org\/{rel}","templated":true}]}}