{"id":75,"date":"2020-02-07T15:17:13","date_gmt":"2020-02-07T14:17:13","guid":{"rendered":"http:\/\/judofranconville.com\/?page_id=75"},"modified":"2020-02-07T15:19:43","modified_gmt":"2020-02-07T14:19:43","slug":"les-grades","status":"publish","type":"page","link":"https:\/\/judofranconville.com\/index.php\/les-grades\/","title":{"rendered":"Les Grades"},"content":{"rendered":"\t\t<div data-elementor-type=\"wp-page\" data-elementor-id=\"75\" class=\"elementor elementor-75\">\n\t\t\t\t\t\t<section class=\"elementor-section elementor-top-section elementor-element elementor-element-3b10929 elementor-section-boxed elementor-section-height-default elementor-section-height-default\" data-id=\"3b10929\" data-element_type=\"section\" data-e-type=\"section\">\n\t\t\t\t\t\t<div class=\"elementor-container elementor-column-gap-default\">\n\t\t\t\t\t<div class=\"elementor-column elementor-col-100 elementor-top-column elementor-element elementor-element-6150432\" data-id=\"6150432\" data-element_type=\"column\" data-e-type=\"column\">\n\t\t\t<div class=\"elementor-widget-wrap elementor-element-populated\">\n\t\t\t\t\t\t<div class=\"elementor-element elementor-element-7ce77a4 elementor-widget elementor-widget-heading\" data-id=\"7ce77a4\" data-element_type=\"widget\" data-e-type=\"widget\" data-widget_type=\"heading.default\">\n\t\t\t\t<div class=\"elementor-widget-container\">\n\t\t\t\t\t<h2 class=\"elementor-heading-title elementor-size-default\">Les Grades<\/h2>\t\t\t\t<\/div>\n\t\t\t\t<\/div>\n\t\t\t\t\t<\/div>\n\t\t<\/div>\n\t\t\t\t\t<\/div>\n\t\t<\/section>\n\t\t\t\t<section class=\"elementor-section elementor-top-section elementor-element elementor-element-24870ca elementor-section-boxed elementor-section-height-default elementor-section-height-default\" data-id=\"24870ca\" data-element_type=\"section\" data-e-type=\"section\">\n\t\t\t\t\t\t<div class=\"elementor-container elementor-column-gap-default\">\n\t\t\t\t\t<div class=\"elementor-column elementor-col-100 elementor-top-column elementor-element elementor-element-75ee3ae\" data-id=\"75ee3ae\" data-element_type=\"column\" data-e-type=\"column\">\n\t\t\t<div class=\"elementor-widget-wrap elementor-element-populated\">\n\t\t\t\t\t\t<section class=\"elementor-section elementor-inner-section elementor-element elementor-element-8546a00 elementor-section-boxed elementor-section-height-default elementor-section-height-default\" data-id=\"8546a00\" data-element_type=\"section\" data-e-type=\"section\">\n\t\t\t\t\t\t<div class=\"elementor-container elementor-column-gap-default\">\n\t\t\t\t\t<div class=\"elementor-column elementor-col-50 elementor-inner-column elementor-element elementor-element-04a9ae1\" data-id=\"04a9ae1\" data-element_type=\"column\" data-e-type=\"column\">\n\t\t\t<div class=\"elementor-widget-wrap elementor-element-populated\">\n\t\t\t\t\t\t<div class=\"elementor-element elementor-element-8c0bdb3 elementor-widget elementor-widget-text-editor\" data-id=\"8c0bdb3\" data-element_type=\"widget\" data-e-type=\"widget\" data-widget_type=\"text-editor.default\">\n\t\t\t\t<div class=\"elementor-widget-container\">\n\t\t\t\t\t\t\t\t\t<p>Les grades sont attribu\u00e9s \u00e0 un pratiquant et permettent d&rsquo;\u00e9valuer son niveau technique, son efficacit\u00e9 en combat, son degr\u00e9 d&rsquo;anciennet\u00e9 ainsi que ses qualit\u00e9s morales, ce qui correspond au respect scrupuleux du code moral ainsi qu&rsquo;un investissement suffisant dans la pratique.\u00a0<\/p><p>Sans un minimum de respect des r\u00e8gles exig\u00e9es, aucun judoka ne peut pr\u00e9tendre \u00e0 l&rsquo;obtention d&rsquo;un grade.<\/p><p>\u00a0<\/p><p>Ceinture blanche \/ Grade 9e kyu\u00a0 &#8230;&#8230;&#8230;&#8230;&#8230;&#8230;&#8230;.. Age minimum 4 ans<\/p><p>Ceinture blanche-jaune\u00a0 \/ Grade 8e kyu\u00a0 &#8230;&#8230;&#8230;&#8230; Age minimum 7 ans<\/p><p>Ceinture jaune \/ Grade 7e kyu\u00a0 &#8230;&#8230;&#8230;&#8230;&#8230;&#8230;&#8230;&#8230;&#8230; Age minimum 8 ans<\/p><p>Ceinture jaune-orange \/ Grade 6e kyu\u00a0 &#8230;&#8230;&#8230;&#8230;&#8230; Age minimum 9 ans<\/p><p>Ceinture orange \/ Grade 5e kyu\u00a0 &#8230;&#8230;&#8230;&#8230;&#8230;&#8230;&#8230;&#8230;. Age minimum 10 ans<\/p><p>Ceinture orange-verte \/ Grade 4e kyu\u00a0 &#8230;&#8230;&#8230;&#8230;&#8230;. Age minimum 11 ans<\/p><p><span style=\"font-size: 14px; letter-spacing: 0px;\">Ceinture verte \/ Grade 3e kyu\u00a0 &#8230;&#8230;&#8230;&#8230;&#8230;&#8230;&#8230;&#8230;&#8230;. Age minimum 12 ans<\/span><\/p><p>Ceinture bleue \/ Grade 2e kyu\u00a0 &#8230;&#8230;&#8230;&#8230;&#8230;&#8230;&#8230;&#8230;&#8230; Age minimum 13 ans<\/p><p>Ceinture marron \/ Grade 1e kyu\u00a0 &#8230;&#8230;&#8230;&#8230;&#8230;&#8230;&#8230;&#8230; Age minimum 14 ans<\/p><p>\u00a0<\/p><p><strong style=\"font-weight: 700 !important;\">Grades sup\u00e9rieurs<\/strong><br \/>Ceinture noire \/ Grade 1er dan\u00a0 &#8230;&#8230;&#8230;&#8230;&#8230;&#8230;&#8230;&#8230;.. Age minimum 15 ans<\/p><p>Ceinture noire \/ Grade 2e dan\u00a0 &#8230;&#8230;&#8230;&#8230;&#8230;&#8230;&#8230;&#8230;&#8230; Age minimum 17 ans<\/p><p>Ceinture noire \/ Grade 3e dan\u00a0 &#8230;&#8230;&#8230;&#8230;&#8230;&#8230;&#8230;&#8230;&#8230; Age minimum 20 ans<\/p><p>Ceinture noire \/ Grade 4e dan\u00a0 &#8230;&#8230;&#8230;&#8230;&#8230;&#8230;&#8230;&#8230;&#8230; Age minimum 24 ans<\/p><p>Ceinture noire \/ Grade 5e dan\u00a0 &#8230;&#8230;&#8230;&#8230;&#8230;&#8230;&#8230;&#8230;&#8230; Age minimum 29 ans<\/p><p>Ceinture blanche-rouge \/ Grade 6e dan<\/p><p>Ceinture blanche-rouge \/ Grade 7e dan<\/p><p>\u00a0<\/p><p>Ceinture blanche-rouge \/ Grade 8e dan<\/p><p><span style=\"font-size: 14px; letter-spacing: 0px;\">Ceinture rouge \/ Grade 9e dan<\/span><\/p><p>Ceinture rouge \/ Grade 10e dan<\/p><p>\u00a0<\/p><p>Ceinture large blanche \/ Grade 12e dan pour Jigor\u00f4 Kan\u00f4\u00a0<i><em>(cr\u00e9ateur du judo)<\/em><\/i><\/p>\t\t\t\t\t\t\t\t<\/div>\n\t\t\t\t<\/div>\n\t\t\t\t\t<\/div>\n\t\t<\/div>\n\t\t\t\t<div class=\"elementor-column elementor-col-50 elementor-inner-column elementor-element elementor-element-8f14b10\" data-id=\"8f14b10\" data-element_type=\"column\" data-e-type=\"column\">\n\t\t\t<div class=\"elementor-widget-wrap elementor-element-populated\">\n\t\t\t\t\t\t<div class=\"elementor-element elementor-element-d7afc4b elementor-widget elementor-widget-image\" data-id=\"d7afc4b\" data-element_type=\"widget\" data-e-type=\"widget\" data-widget_type=\"image.default\">\n\t\t\t\t<div class=\"elementor-widget-container\">\n\t\t\t\t\t\t\t\t\t\t\t\t\t\t\t<img decoding=\"async\" width=\"84\" height=\"408\" src=\"https:\/\/judofranconville.com\/wp-content\/uploads\/2020\/02\/Cienture.gif\" class=\"attachment-large size-large wp-image-77\" alt=\"\" sizes=\"(max-width: 767px) 89vw, (max-width: 1000px) 54vw, (max-width: 1071px) 543px, 580px\" \/>\t\t\t\t\t\t\t\t\t\t\t\t\t\t\t<\/div>\n\t\t\t\t<\/div>\n\t\t\t\t\t<\/div>\n\t\t<\/div>\n\t\t\t\t\t<\/div>\n\t\t<\/section>\n\t\t\t\t\t<\/div>\n\t\t<\/div>\n\t\t\t\t\t<\/div>\n\t\t<\/section>\n\t\t\t\t<\/div>\n\t\t","protected":false},"excerpt":{"rendered":"<p>Les Grades Les grades sont attribu\u00e9s \u00e0 un pratiquant et permettent d&rsquo;\u00e9valuer son niveau technique, son efficacit\u00e9 en combat, son degr\u00e9 d&rsquo;anciennet\u00e9 ainsi que ses qualit\u00e9s morales, ce qui correspond au respect scrupuleux du code moral ainsi qu&rsquo;un investissement suffisant dans la pratique.\u00a0 Sans un minimum de respect des r\u00e8gles exig\u00e9es, aucun judoka ne peut &hellip; <\/p>\n<p class=\"link-more\"><a href=\"https:\/\/judofranconville.com\/index.php\/les-grades\/\" class=\"more-link\">Continuer la lecture<span class=\"screen-reader-text\"> de &laquo;&nbsp;Les Grades&nbsp;&raquo;<\/span><\/a><\/p>\n","protected":false},"author":1,"featured_media":0,"parent":0,"menu_order":0,"comment_status":"closed","ping_status":"closed","template":"","meta":{"_mc_calendar":[],"footnotes":""},"class_list":["post-75","page","type-page","status-publish","hentry"],"yoast_head":"<!-- This site is optimized with the Yoast SEO plugin v27.4 - https:\/\/yoast.com\/product\/yoast-seo-wordpress\/ -->\n<title>Les Grades - Judo Club Franconville<\/title>\n<meta name=\"robots\" content=\"index, follow, max-snippet:-1, max-image-preview:large, max-video-preview:-1\" \/>\n<link rel=\"canonical\" href=\"https:\/\/judofranconville.com\/index.php\/les-grades\/\" \/>\n<meta property=\"og:locale\" content=\"fr_FR\" \/>\n<meta property=\"og:type\" content=\"article\" \/>\n<meta property=\"og:title\" content=\"Les Grades - Judo Club Franconville\" \/>\n<meta property=\"og:description\" content=\"Les Grades Les grades sont attribu\u00e9s \u00e0 un pratiquant et permettent d&rsquo;\u00e9valuer son niveau technique, son efficacit\u00e9 en combat, son degr\u00e9 d&rsquo;anciennet\u00e9 ainsi que ses qualit\u00e9s morales, ce qui correspond au respect scrupuleux du code moral ainsi qu&rsquo;un investissement suffisant dans la pratique.\u00a0 Sans un minimum de respect des r\u00e8gles exig\u00e9es, aucun judoka ne peut &hellip; Continuer la lecture de &laquo;&nbsp;Les Grades&nbsp;&raquo;\" \/>\n<meta property=\"og:url\" content=\"https:\/\/judofranconville.com\/index.php\/les-grades\/\" \/>\n<meta property=\"og:site_name\" content=\"Judo Club Franconville\" \/>\n<meta property=\"article:publisher\" content=\"https:\/\/www.facebook.com\/jc.franconville\" \/>\n<meta property=\"article:modified_time\" content=\"2020-02-07T14:19:43+00:00\" \/>\n<meta property=\"og:image\" content=\"http:\/\/judofranconville.com\/wp-content\/uploads\/2020\/02\/Cienture.gif\" \/>\n<meta name=\"twitter:card\" content=\"summary_large_image\" \/>\n<meta name=\"twitter:label1\" content=\"Dur\u00e9e de lecture estim\u00e9e\" \/>\n\t<meta name=\"twitter:data1\" content=\"1 minute\" \/>\n<script type=\"application\/ld+json\" class=\"yoast-schema-graph\">{\"@context\":\"https:\\\/\\\/schema.org\",\"@graph\":[{\"@type\":\"WebPage\",\"@id\":\"https:\\\/\\\/judofranconville.com\\\/index.php\\\/les-grades\\\/\",\"url\":\"https:\\\/\\\/judofranconville.com\\\/index.php\\\/les-grades\\\/\",\"name\":\"Les Grades - Judo Club Franconville\",\"isPartOf\":{\"@id\":\"https:\\\/\\\/judofranconville.com\\\/#website\"},\"primaryImageOfPage\":{\"@id\":\"https:\\\/\\\/judofranconville.com\\\/index.php\\\/les-grades\\\/#primaryimage\"},\"image\":{\"@id\":\"https:\\\/\\\/judofranconville.com\\\/index.php\\\/les-grades\\\/#primaryimage\"},\"thumbnailUrl\":\"http:\\\/\\\/judofranconville.com\\\/wp-content\\\/uploads\\\/2020\\\/02\\\/Cienture.gif\",\"datePublished\":\"2020-02-07T14:17:13+00:00\",\"dateModified\":\"2020-02-07T14:19:43+00:00\",\"breadcrumb\":{\"@id\":\"https:\\\/\\\/judofranconville.com\\\/index.php\\\/les-grades\\\/#breadcrumb\"},\"inLanguage\":\"fr-FR\",\"potentialAction\":[{\"@type\":\"ReadAction\",\"target\":[\"https:\\\/\\\/judofranconville.com\\\/index.php\\\/les-grades\\\/\"]}]},{\"@type\":\"ImageObject\",\"inLanguage\":\"fr-FR\",\"@id\":\"https:\\\/\\\/judofranconville.com\\\/index.php\\\/les-grades\\\/#primaryimage\",\"url\":\"http:\\\/\\\/judofranconville.com\\\/wp-content\\\/uploads\\\/2020\\\/02\\\/Cienture.gif\",\"contentUrl\":\"http:\\\/\\\/judofranconville.com\\\/wp-content\\\/uploads\\\/2020\\\/02\\\/Cienture.gif\"},{\"@type\":\"BreadcrumbList\",\"@id\":\"https:\\\/\\\/judofranconville.com\\\/index.php\\\/les-grades\\\/#breadcrumb\",\"itemListElement\":[{\"@type\":\"ListItem\",\"position\":1,\"name\":\"Accueil\",\"item\":\"https:\\\/\\\/judofranconville.com\\\/\"},{\"@type\":\"ListItem\",\"position\":2,\"name\":\"Les Grades\"}]},{\"@type\":\"WebSite\",\"@id\":\"https:\\\/\\\/judofranconville.com\\\/#website\",\"url\":\"https:\\\/\\\/judofranconville.com\\\/\",\"name\":\"Judo Club Franconville\",\"description\":\"Le judo...Notre passion\",\"potentialAction\":[{\"@type\":\"SearchAction\",\"target\":{\"@type\":\"EntryPoint\",\"urlTemplate\":\"https:\\\/\\\/judofranconville.com\\\/?s={search_term_string}\"},\"query-input\":{\"@type\":\"PropertyValueSpecification\",\"valueRequired\":true,\"valueName\":\"search_term_string\"}}],\"inLanguage\":\"fr-FR\"}]}<\/script>\n<!-- \/ Yoast SEO plugin. -->","yoast_head_json":{"title":"Les Grades - Judo Club Franconville","robots":{"index":"index","follow":"follow","max-snippet":"max-snippet:-1","max-image-preview":"max-image-preview:large","max-video-preview":"max-video-preview:-1"},"canonical":"https:\/\/judofranconville.com\/index.php\/les-grades\/","og_locale":"fr_FR","og_type":"article","og_title":"Les Grades - Judo Club Franconville","og_description":"Les Grades Les grades sont attribu\u00e9s \u00e0 un pratiquant et permettent d&rsquo;\u00e9valuer son niveau technique, son efficacit\u00e9 en combat, son degr\u00e9 d&rsquo;anciennet\u00e9 ainsi que ses qualit\u00e9s morales, ce qui correspond au respect scrupuleux du code moral ainsi qu&rsquo;un investissement suffisant dans la pratique.\u00a0 Sans un minimum de respect des r\u00e8gles exig\u00e9es, aucun judoka ne peut &hellip; Continuer la lecture de &laquo;&nbsp;Les Grades&nbsp;&raquo;","og_url":"https:\/\/judofranconville.com\/index.php\/les-grades\/","og_site_name":"Judo Club Franconville","article_publisher":"https:\/\/www.facebook.com\/jc.franconville","article_modified_time":"2020-02-07T14:19:43+00:00","og_image":[{"url":"http:\/\/judofranconville.com\/wp-content\/uploads\/2020\/02\/Cienture.gif","type":"","width":"","height":""}],"twitter_card":"summary_large_image","twitter_misc":{"Dur\u00e9e de lecture estim\u00e9e":"1 minute"},"schema":{"@context":"https:\/\/schema.org","@graph":[{"@type":"WebPage","@id":"https:\/\/judofranconville.com\/index.php\/les-grades\/","url":"https:\/\/judofranconville.com\/index.php\/les-grades\/","name":"Les Grades - Judo Club Franconville","isPartOf":{"@id":"https:\/\/judofranconville.com\/#website"},"primaryImageOfPage":{"@id":"https:\/\/judofranconville.com\/index.php\/les-grades\/#primaryimage"},"image":{"@id":"https:\/\/judofranconville.com\/index.php\/les-grades\/#primaryimage"},"thumbnailUrl":"http:\/\/judofranconville.com\/wp-content\/uploads\/2020\/02\/Cienture.gif","datePublished":"2020-02-07T14:17:13+00:00","dateModified":"2020-02-07T14:19:43+00:00","breadcrumb":{"@id":"https:\/\/judofranconville.com\/index.php\/les-grades\/#breadcrumb"},"inLanguage":"fr-FR","potentialAction":[{"@type":"ReadAction","target":["https:\/\/judofranconville.com\/index.php\/les-grades\/"]}]},{"@type":"ImageObject","inLanguage":"fr-FR","@id":"https:\/\/judofranconville.com\/index.php\/les-grades\/#primaryimage","url":"http:\/\/judofranconville.com\/wp-content\/uploads\/2020\/02\/Cienture.gif","contentUrl":"http:\/\/judofranconville.com\/wp-content\/uploads\/2020\/02\/Cienture.gif"},{"@type":"BreadcrumbList","@id":"https:\/\/judofranconville.com\/index.php\/les-grades\/#breadcrumb","itemListElement":[{"@type":"ListItem","position":1,"name":"Accueil","item":"https:\/\/judofranconville.com\/"},{"@type":"ListItem","position":2,"name":"Les Grades"}]},{"@type":"WebSite","@id":"https:\/\/judofranconville.com\/#website","url":"https:\/\/judofranconville.com\/","name":"Judo Club Franconville","description":"Le judo...Notre passion","potentialAction":[{"@type":"SearchAction","target":{"@type":"EntryPoint","urlTemplate":"https:\/\/judofranconville.com\/?s={search_term_string}"},"query-input":{"@type":"PropertyValueSpecification","valueRequired":true,"valueName":"search_term_string"}}],"inLanguage":"fr-FR"}]}},"_links":{"self":[{"href":"https:\/\/judofranconville.com\/index.php\/wp-json\/wp\/v2\/pages\/75","targetHints":{"allow":["GET"]}}],"collection":[{"href":"https:\/\/judofranconville.com\/index.php\/wp-json\/wp\/v2\/pages"}],"about":[{"href":"https:\/\/judofranconville.com\/index.php\/wp-json\/wp\/v2\/types\/page"}],"author":[{"embeddable":true,"href":"https:\/\/judofranconville.com\/index.php\/wp-json\/wp\/v2\/users\/1"}],"replies":[{"embeddable":true,"href":"https:\/\/judofranconville.com\/index.php\/wp-json\/wp\/v2\/comments?post=75"}],"version-history":[{"count":4,"href":"https:\/\/judofranconville.com\/index.php\/wp-json\/wp\/v2\/pages\/75\/revisions"}],"predecessor-version":[{"id":80,"href":"https:\/\/judofranconville.com\/index.php\/wp-json\/wp\/v2\/pages\/75\/revisions\/80"}],"wp:attachment":[{"href":"https:\/\/judofranconville.com\/index.php\/wp-json\/wp\/v2\/media?parent=75"}],"curies":[{"name":"wp","href":"https:\/\/api.w.org\/{rel}","templated":true}]}}