{"id":41,"date":"2020-02-07T14:34:29","date_gmt":"2020-02-07T13:34:29","guid":{"rendered":"http:\/\/judofranconville.com\/?page_id=41"},"modified":"2020-02-07T14:48:32","modified_gmt":"2020-02-07T13:48:32","slug":"le-judo","status":"publish","type":"page","link":"https:\/\/judofranconville.com\/index.php\/le-judo\/","title":{"rendered":"Le Judo"},"content":{"rendered":"\t\t<div data-elementor-type=\"wp-page\" data-elementor-id=\"41\" class=\"elementor elementor-41\">\n\t\t\t\t\t\t<section class=\"elementor-section elementor-top-section elementor-element elementor-element-b618727 elementor-section-boxed elementor-section-height-default elementor-section-height-default\" data-id=\"b618727\" data-element_type=\"section\" data-e-type=\"section\">\n\t\t\t\t\t\t<div class=\"elementor-container elementor-column-gap-default\">\n\t\t\t\t\t<div class=\"elementor-column elementor-col-100 elementor-top-column elementor-element elementor-element-acaf359\" data-id=\"acaf359\" data-element_type=\"column\" data-e-type=\"column\">\n\t\t\t<div class=\"elementor-widget-wrap elementor-element-populated\">\n\t\t\t\t\t\t<div class=\"elementor-element elementor-element-20d3307 elementor-widget elementor-widget-heading\" data-id=\"20d3307\" data-element_type=\"widget\" data-e-type=\"widget\" data-widget_type=\"heading.default\">\n\t\t\t\t<div class=\"elementor-widget-container\">\n\t\t\t\t\t<h2 class=\"elementor-heading-title elementor-size-default\">Le Judo<\/h2>\t\t\t\t<\/div>\n\t\t\t\t<\/div>\n\t\t\t\t\t<\/div>\n\t\t<\/div>\n\t\t\t\t\t<\/div>\n\t\t<\/section>\n\t\t\t\t<section class=\"elementor-section elementor-top-section elementor-element elementor-element-27c803d elementor-section-boxed elementor-section-height-default elementor-section-height-default\" data-id=\"27c803d\" data-element_type=\"section\" data-e-type=\"section\">\n\t\t\t\t\t\t<div class=\"elementor-container elementor-column-gap-default\">\n\t\t\t\t\t<div class=\"elementor-column elementor-col-100 elementor-top-column elementor-element elementor-element-e23c02c\" data-id=\"e23c02c\" data-element_type=\"column\" data-e-type=\"column\">\n\t\t\t<div class=\"elementor-widget-wrap elementor-element-populated\">\n\t\t\t\t\t\t<section class=\"elementor-section elementor-inner-section elementor-element elementor-element-11c1be4 elementor-section-boxed elementor-section-height-default elementor-section-height-default\" data-id=\"11c1be4\" data-element_type=\"section\" data-e-type=\"section\">\n\t\t\t\t\t\t<div class=\"elementor-container elementor-column-gap-default\">\n\t\t\t\t\t<div class=\"elementor-column elementor-col-50 elementor-inner-column elementor-element elementor-element-ebe6279\" data-id=\"ebe6279\" data-element_type=\"column\" data-e-type=\"column\">\n\t\t\t<div class=\"elementor-widget-wrap elementor-element-populated\">\n\t\t\t\t\t\t<div class=\"elementor-element elementor-element-d4c76ac elementor-widget elementor-widget-image\" data-id=\"d4c76ac\" data-element_type=\"widget\" data-e-type=\"widget\" data-widget_type=\"image.default\">\n\t\t\t\t<div class=\"elementor-widget-container\">\n\t\t\t\t\t\t\t\t\t\t\t\t\t\t\t<img fetchpriority=\"high\" decoding=\"async\" width=\"277\" height=\"438\" src=\"https:\/\/judofranconville.com\/wp-content\/uploads\/2020\/02\/Kano.jpg\" class=\"attachment-full size-full wp-image-43\" alt=\"\" srcset=\"https:\/\/judofranconville.com\/wp-content\/uploads\/2020\/02\/Kano.jpg 277w, https:\/\/judofranconville.com\/wp-content\/uploads\/2020\/02\/Kano-190x300.jpg 190w\" sizes=\"100vw\" \/>\t\t\t\t\t\t\t\t\t\t\t\t\t\t\t<\/div>\n\t\t\t\t<\/div>\n\t\t\t\t\t<\/div>\n\t\t<\/div>\n\t\t\t\t<div class=\"elementor-column elementor-col-50 elementor-inner-column elementor-element elementor-element-5c738d4\" data-id=\"5c738d4\" data-element_type=\"column\" data-e-type=\"column\">\n\t\t\t<div class=\"elementor-widget-wrap elementor-element-populated\">\n\t\t\t\t\t\t<div class=\"elementor-element elementor-element-bee560c elementor-widget elementor-widget-text-editor\" data-id=\"bee560c\" data-element_type=\"widget\" data-e-type=\"widget\" data-widget_type=\"text-editor.default\">\n\t\t\t\t<div class=\"elementor-widget-container\">\n\t\t\t\t\t\t\t\t\t<p style=\"font-size: 14px; line-height: 1.71429;\">En observant les branches charg\u00e9es de neige et voyant les plus grosses casser sous le poids de l\u2019agresseur naturel et les plus souples s\u2019en d\u00e9barrasser en pliant, un moine japonais fit le constat suivant : le souple peut vaincre le fort.<\/p><p style=\"font-size: 14px; line-height: 1.71429;\">S\u2019inspirant de cette observation et des techniques de combat des samoura\u00efs, Jigoro KANO posa en 1882 les principes fondateurs d\u2019une nouvelle discipline : le Judo, litt\u00e9ralement \u00ab voie de la souplesse \u00bb.<\/p><p style=\"font-size: 14px; line-height: 1.71429;\">En proposant un d\u00e9veloppement physique, moral et spirituel, le Judo permet aux judokas de s\u2019\u00e9panouir en harmonie avec eux-m\u00eames et surtout avec les autres.<\/p><p style=\"font-size: 14px; line-height: 1.71429;\"><span style=\"font-size: 14px;\">En France, le judo appara\u00eet dans les ann\u00e9es trente, mais il se d\u00e9veloppe surtout apr\u00e8s la deuxi\u00e8me guerre mondiale sous l\u2019impulsion de Ma\u00eetre KAWAISHI et de Paul BONET-MAURY, pr\u00e9sident-fondateur de la F\u00e9d\u00e9ration Fran\u00e7aise de Judo en d\u00e9cembre 1946.<\/span><\/p>\t\t\t\t\t\t\t\t<\/div>\n\t\t\t\t<\/div>\n\t\t\t\t\t<\/div>\n\t\t<\/div>\n\t\t\t\t\t<\/div>\n\t\t<\/section>\n\t\t\t\t<div class=\"elementor-element elementor-element-07d3fd8 elementor-widget elementor-widget-text-editor\" data-id=\"07d3fd8\" data-element_type=\"widget\" data-e-type=\"widget\" data-widget_type=\"text-editor.default\">\n\t\t\t\t<div class=\"elementor-widget-container\">\n\t\t\t\t\t\t\t\t\t<p><\/p>\n<p>Franchi en 2003, le cap des 580 000 licenci\u00e9s place d\u00e9sormais la FFJDA comme la troisi\u00e8me f\u00e9d\u00e9ration \u00ab olympique \u00bb en France.<\/p><p>Cette r\u00e9ussite est l\u2019histoire d\u2019une passion partag\u00e9e depuis toujours par tous les acteurs du Judo fran\u00e7ais, dirigeants, professeurs et pratiquants dans le respect des valeurs morales conformes \u00e0 l\u2019\u00e9thique du Judo.<\/p>\n<p>A partir des ann\u00e9es 60, le courant sportif devient dominant.&nbsp;<\/p><p>Le judo est inscrit au programme des Jeux Olympiques de Tokyo en 1964.&nbsp;<\/p><p>Brillants lors des comp\u00e9titions europ\u00e9ennes, les judokas fran\u00e7ais obtiennent leurs premiers succ\u00e8s en 1972 aux Jeux de Munich, puis au Championnat du monde de Vienne en 1975 o\u00f9 Jean-Luc ROUGE devient le premier champion du Monde fran\u00e7ais.&nbsp;<\/p><p>Depuis, les r\u00e9sultats fran\u00e7ais n\u2019ont fait que progresser tant chez les gar\u00e7ons que chez les filles. En 2000, aux Jeux Olympiques de Sydney, David DOUILLET devient le judoka le plus titr\u00e9 de tous les temps. (4 fois Champion du Monde et 2 fois Champion Olympique).<\/p>\n<p>Mais Teddy RINER, huit fois champion du monde et champion olympique aux J.O 2012 de Londres est en passe de ravir ce titre de meilleur judoka de tout les temps \u00e0 David DOUILLET.<\/p>\t\t\t\t\t\t\t\t<\/div>\n\t\t\t\t<\/div>\n\t\t\t\t\t<\/div>\n\t\t<\/div>\n\t\t\t\t\t<\/div>\n\t\t<\/section>\n\t\t\t\t<\/div>\n\t\t","protected":false},"excerpt":{"rendered":"<p>Le Judo En observant les branches charg\u00e9es de neige et voyant les plus grosses casser sous le poids de l\u2019agresseur naturel et les plus souples s\u2019en d\u00e9barrasser en pliant, un moine japonais fit le constat suivant : le souple peut vaincre le fort. S\u2019inspirant de cette observation et des techniques de combat des samoura\u00efs, Jigoro &hellip; <\/p>\n<p class=\"link-more\"><a href=\"https:\/\/judofranconville.com\/index.php\/le-judo\/\" class=\"more-link\">Continuer la lecture<span class=\"screen-reader-text\"> de &laquo;&nbsp;Le Judo&nbsp;&raquo;<\/span><\/a><\/p>\n","protected":false},"author":1,"featured_media":0,"parent":0,"menu_order":0,"comment_status":"closed","ping_status":"closed","template":"","meta":{"_mc_calendar":[],"footnotes":""},"class_list":["post-41","page","type-page","status-publish","hentry"],"yoast_head":"<!-- This site is optimized with the Yoast SEO plugin v27.3 - https:\/\/yoast.com\/product\/yoast-seo-wordpress\/ -->\n<title>Le Judo - Judo Club Franconville<\/title>\n<meta name=\"robots\" content=\"index, follow, max-snippet:-1, max-image-preview:large, max-video-preview:-1\" \/>\n<link rel=\"canonical\" href=\"https:\/\/judofranconville.com\/index.php\/le-judo\/\" \/>\n<meta property=\"og:locale\" content=\"fr_FR\" \/>\n<meta property=\"og:type\" content=\"article\" \/>\n<meta property=\"og:title\" content=\"Le Judo - Judo Club Franconville\" \/>\n<meta property=\"og:description\" content=\"Le Judo En observant les branches charg\u00e9es de neige et voyant les plus grosses casser sous le poids de l\u2019agresseur naturel et les plus souples s\u2019en d\u00e9barrasser en pliant, un moine japonais fit le constat suivant : le souple peut vaincre le fort. S\u2019inspirant de cette observation et des techniques de combat des samoura\u00efs, Jigoro &hellip; Continuer la lecture de &laquo;&nbsp;Le Judo&nbsp;&raquo;\" \/>\n<meta property=\"og:url\" content=\"https:\/\/judofranconville.com\/index.php\/le-judo\/\" \/>\n<meta property=\"og:site_name\" content=\"Judo Club Franconville\" \/>\n<meta property=\"article:publisher\" content=\"https:\/\/www.facebook.com\/jc.franconville\" \/>\n<meta property=\"article:modified_time\" content=\"2020-02-07T13:48:32+00:00\" \/>\n<meta property=\"og:image\" content=\"http:\/\/judofranconville.com\/wp-content\/uploads\/2020\/02\/Kano.jpg\" \/>\n<meta name=\"twitter:card\" content=\"summary_large_image\" \/>\n<meta name=\"twitter:label1\" content=\"Dur\u00e9e de lecture estim\u00e9e\" \/>\n\t<meta name=\"twitter:data1\" content=\"2 minutes\" \/>\n<script type=\"application\/ld+json\" class=\"yoast-schema-graph\">{\"@context\":\"https:\\\/\\\/schema.org\",\"@graph\":[{\"@type\":\"WebPage\",\"@id\":\"https:\\\/\\\/judofranconville.com\\\/index.php\\\/le-judo\\\/\",\"url\":\"https:\\\/\\\/judofranconville.com\\\/index.php\\\/le-judo\\\/\",\"name\":\"Le Judo - Judo Club Franconville\",\"isPartOf\":{\"@id\":\"https:\\\/\\\/judofranconville.com\\\/#website\"},\"primaryImageOfPage\":{\"@id\":\"https:\\\/\\\/judofranconville.com\\\/index.php\\\/le-judo\\\/#primaryimage\"},\"image\":{\"@id\":\"https:\\\/\\\/judofranconville.com\\\/index.php\\\/le-judo\\\/#primaryimage\"},\"thumbnailUrl\":\"http:\\\/\\\/judofranconville.com\\\/wp-content\\\/uploads\\\/2020\\\/02\\\/Kano.jpg\",\"datePublished\":\"2020-02-07T13:34:29+00:00\",\"dateModified\":\"2020-02-07T13:48:32+00:00\",\"breadcrumb\":{\"@id\":\"https:\\\/\\\/judofranconville.com\\\/index.php\\\/le-judo\\\/#breadcrumb\"},\"inLanguage\":\"fr-FR\",\"potentialAction\":[{\"@type\":\"ReadAction\",\"target\":[\"https:\\\/\\\/judofranconville.com\\\/index.php\\\/le-judo\\\/\"]}]},{\"@type\":\"ImageObject\",\"inLanguage\":\"fr-FR\",\"@id\":\"https:\\\/\\\/judofranconville.com\\\/index.php\\\/le-judo\\\/#primaryimage\",\"url\":\"http:\\\/\\\/judofranconville.com\\\/wp-content\\\/uploads\\\/2020\\\/02\\\/Kano.jpg\",\"contentUrl\":\"http:\\\/\\\/judofranconville.com\\\/wp-content\\\/uploads\\\/2020\\\/02\\\/Kano.jpg\"},{\"@type\":\"BreadcrumbList\",\"@id\":\"https:\\\/\\\/judofranconville.com\\\/index.php\\\/le-judo\\\/#breadcrumb\",\"itemListElement\":[{\"@type\":\"ListItem\",\"position\":1,\"name\":\"Accueil\",\"item\":\"https:\\\/\\\/judofranconville.com\\\/\"},{\"@type\":\"ListItem\",\"position\":2,\"name\":\"Le Judo\"}]},{\"@type\":\"WebSite\",\"@id\":\"https:\\\/\\\/judofranconville.com\\\/#website\",\"url\":\"https:\\\/\\\/judofranconville.com\\\/\",\"name\":\"Judo Club Franconville\",\"description\":\"Le judo...Notre passion\",\"potentialAction\":[{\"@type\":\"SearchAction\",\"target\":{\"@type\":\"EntryPoint\",\"urlTemplate\":\"https:\\\/\\\/judofranconville.com\\\/?s={search_term_string}\"},\"query-input\":{\"@type\":\"PropertyValueSpecification\",\"valueRequired\":true,\"valueName\":\"search_term_string\"}}],\"inLanguage\":\"fr-FR\"}]}<\/script>\n<!-- \/ Yoast SEO plugin. -->","yoast_head_json":{"title":"Le Judo - Judo Club Franconville","robots":{"index":"index","follow":"follow","max-snippet":"max-snippet:-1","max-image-preview":"max-image-preview:large","max-video-preview":"max-video-preview:-1"},"canonical":"https:\/\/judofranconville.com\/index.php\/le-judo\/","og_locale":"fr_FR","og_type":"article","og_title":"Le Judo - Judo Club Franconville","og_description":"Le Judo En observant les branches charg\u00e9es de neige et voyant les plus grosses casser sous le poids de l\u2019agresseur naturel et les plus souples s\u2019en d\u00e9barrasser en pliant, un moine japonais fit le constat suivant : le souple peut vaincre le fort. S\u2019inspirant de cette observation et des techniques de combat des samoura\u00efs, Jigoro &hellip; Continuer la lecture de &laquo;&nbsp;Le Judo&nbsp;&raquo;","og_url":"https:\/\/judofranconville.com\/index.php\/le-judo\/","og_site_name":"Judo Club Franconville","article_publisher":"https:\/\/www.facebook.com\/jc.franconville","article_modified_time":"2020-02-07T13:48:32+00:00","og_image":[{"url":"http:\/\/judofranconville.com\/wp-content\/uploads\/2020\/02\/Kano.jpg","type":"","width":"","height":""}],"twitter_card":"summary_large_image","twitter_misc":{"Dur\u00e9e de lecture estim\u00e9e":"2 minutes"},"schema":{"@context":"https:\/\/schema.org","@graph":[{"@type":"WebPage","@id":"https:\/\/judofranconville.com\/index.php\/le-judo\/","url":"https:\/\/judofranconville.com\/index.php\/le-judo\/","name":"Le Judo - Judo Club Franconville","isPartOf":{"@id":"https:\/\/judofranconville.com\/#website"},"primaryImageOfPage":{"@id":"https:\/\/judofranconville.com\/index.php\/le-judo\/#primaryimage"},"image":{"@id":"https:\/\/judofranconville.com\/index.php\/le-judo\/#primaryimage"},"thumbnailUrl":"http:\/\/judofranconville.com\/wp-content\/uploads\/2020\/02\/Kano.jpg","datePublished":"2020-02-07T13:34:29+00:00","dateModified":"2020-02-07T13:48:32+00:00","breadcrumb":{"@id":"https:\/\/judofranconville.com\/index.php\/le-judo\/#breadcrumb"},"inLanguage":"fr-FR","potentialAction":[{"@type":"ReadAction","target":["https:\/\/judofranconville.com\/index.php\/le-judo\/"]}]},{"@type":"ImageObject","inLanguage":"fr-FR","@id":"https:\/\/judofranconville.com\/index.php\/le-judo\/#primaryimage","url":"http:\/\/judofranconville.com\/wp-content\/uploads\/2020\/02\/Kano.jpg","contentUrl":"http:\/\/judofranconville.com\/wp-content\/uploads\/2020\/02\/Kano.jpg"},{"@type":"BreadcrumbList","@id":"https:\/\/judofranconville.com\/index.php\/le-judo\/#breadcrumb","itemListElement":[{"@type":"ListItem","position":1,"name":"Accueil","item":"https:\/\/judofranconville.com\/"},{"@type":"ListItem","position":2,"name":"Le Judo"}]},{"@type":"WebSite","@id":"https:\/\/judofranconville.com\/#website","url":"https:\/\/judofranconville.com\/","name":"Judo Club Franconville","description":"Le judo...Notre passion","potentialAction":[{"@type":"SearchAction","target":{"@type":"EntryPoint","urlTemplate":"https:\/\/judofranconville.com\/?s={search_term_string}"},"query-input":{"@type":"PropertyValueSpecification","valueRequired":true,"valueName":"search_term_string"}}],"inLanguage":"fr-FR"}]}},"_links":{"self":[{"href":"https:\/\/judofranconville.com\/index.php\/wp-json\/wp\/v2\/pages\/41","targetHints":{"allow":["GET"]}}],"collection":[{"href":"https:\/\/judofranconville.com\/index.php\/wp-json\/wp\/v2\/pages"}],"about":[{"href":"https:\/\/judofranconville.com\/index.php\/wp-json\/wp\/v2\/types\/page"}],"author":[{"embeddable":true,"href":"https:\/\/judofranconville.com\/index.php\/wp-json\/wp\/v2\/users\/1"}],"replies":[{"embeddable":true,"href":"https:\/\/judofranconville.com\/index.php\/wp-json\/wp\/v2\/comments?post=41"}],"version-history":[{"count":4,"href":"https:\/\/judofranconville.com\/index.php\/wp-json\/wp\/v2\/pages\/41\/revisions"}],"predecessor-version":[{"id":46,"href":"https:\/\/judofranconville.com\/index.php\/wp-json\/wp\/v2\/pages\/41\/revisions\/46"}],"wp:attachment":[{"href":"https:\/\/judofranconville.com\/index.php\/wp-json\/wp\/v2\/media?parent=41"}],"curies":[{"name":"wp","href":"https:\/\/api.w.org\/{rel}","templated":true}]}}