{"id":37,"date":"2020-02-07T14:18:14","date_gmt":"2020-02-07T13:18:14","guid":{"rendered":"http:\/\/judofranconville.com\/?page_id=37"},"modified":"2025-04-11T17:42:08","modified_gmt":"2025-04-11T15:42:08","slug":"organisation","status":"publish","type":"page","link":"https:\/\/judofranconville.com\/index.php\/organisation\/","title":{"rendered":"Organisation"},"content":{"rendered":"\t\t<div data-elementor-type=\"wp-page\" data-elementor-id=\"37\" class=\"elementor elementor-37\">\n\t\t\t\t\t\t<section class=\"elementor-section elementor-top-section elementor-element elementor-element-b10bbae elementor-section-boxed elementor-section-height-default elementor-section-height-default\" data-id=\"b10bbae\" data-element_type=\"section\" data-e-type=\"section\">\n\t\t\t\t\t\t<div class=\"elementor-container elementor-column-gap-default\">\n\t\t\t\t\t<div class=\"elementor-column elementor-col-100 elementor-top-column elementor-element elementor-element-b1ad0f9\" data-id=\"b1ad0f9\" data-element_type=\"column\" data-e-type=\"column\">\n\t\t\t<div class=\"elementor-widget-wrap elementor-element-populated\">\n\t\t\t\t\t\t<div class=\"elementor-element elementor-element-576014a elementor-widget elementor-widget-heading\" data-id=\"576014a\" data-element_type=\"widget\" data-e-type=\"widget\" data-widget_type=\"heading.default\">\n\t\t\t\t<div class=\"elementor-widget-container\">\n\t\t\t\t\t<h2 class=\"elementor-heading-title elementor-size-default\">Le bureau<\/h2>\t\t\t\t<\/div>\n\t\t\t\t<\/div>\n\t\t\t\t\t<\/div>\n\t\t<\/div>\n\t\t\t\t\t<\/div>\n\t\t<\/section>\n\t\t\t\t<section class=\"elementor-section elementor-top-section elementor-element elementor-element-e26765a elementor-section-boxed elementor-section-height-default elementor-section-height-default\" data-id=\"e26765a\" data-element_type=\"section\" data-e-type=\"section\">\n\t\t\t\t\t\t<div class=\"elementor-container elementor-column-gap-default\">\n\t\t\t\t\t<div class=\"elementor-column elementor-col-100 elementor-top-column elementor-element elementor-element-a26a048\" data-id=\"a26a048\" data-element_type=\"column\" data-e-type=\"column\">\n\t\t\t<div class=\"elementor-widget-wrap elementor-element-populated\">\n\t\t\t\t\t\t<div class=\"elementor-element elementor-element-2abfc8d elementor-widget elementor-widget-text-editor\" data-id=\"2abfc8d\" data-element_type=\"widget\" data-e-type=\"widget\" data-widget_type=\"text-editor.default\">\n\t\t\t\t<div class=\"elementor-widget-container\">\n\t\t\t\t\t\t\t\t\t<p><\/p>\n<figure class=\"wp-block-table\"><br \/><img fetchpriority=\"high\" decoding=\"async\" class=\"size-medium wp-image-935 aligncenter\" src=\"https:\/\/judofranconville.com\/wp-content\/uploads\/2024\/09\/LZH_3583-200x300.jpg\" alt=\"Le Pr\u00e9sident: Borel Gr\u00e9gori \" width=\"200\" height=\"300\" srcset=\"https:\/\/judofranconville.com\/wp-content\/uploads\/2024\/09\/LZH_3583-200x300.jpg 200w, https:\/\/judofranconville.com\/wp-content\/uploads\/2024\/09\/LZH_3583-682x1024.jpg 682w, https:\/\/judofranconville.com\/wp-content\/uploads\/2024\/09\/LZH_3583-768x1153.jpg 768w, https:\/\/judofranconville.com\/wp-content\/uploads\/2024\/09\/LZH_3583-1023x1536.jpg 1023w, https:\/\/judofranconville.com\/wp-content\/uploads\/2024\/09\/LZH_3583-1364x2048.jpg 1364w, https:\/\/judofranconville.com\/wp-content\/uploads\/2024\/09\/LZH_3583-scaled.jpg 1705w\" sizes=\"(max-width: 200px) 100vw, 200px\" \/><\/figure>\n<p style=\"text-align: center;\">Le Pr\u00e9sident<\/p>\n<p style=\"text-align: center;\">Mr Borel Gr\u00e9gory<\/p>\n<p>\u00a0<\/p>\n<p><img decoding=\"async\" class=\"size-medium wp-image-939 aligncenter\" src=\"https:\/\/judofranconville.com\/wp-content\/uploads\/2024\/09\/LZH_3592-200x300.jpg\" alt=\"\" width=\"200\" height=\"300\" srcset=\"https:\/\/judofranconville.com\/wp-content\/uploads\/2024\/09\/LZH_3592-200x300.jpg 200w, https:\/\/judofranconville.com\/wp-content\/uploads\/2024\/09\/LZH_3592-682x1024.jpg 682w, https:\/\/judofranconville.com\/wp-content\/uploads\/2024\/09\/LZH_3592-768x1153.jpg 768w, https:\/\/judofranconville.com\/wp-content\/uploads\/2024\/09\/LZH_3592-1023x1536.jpg 1023w, https:\/\/judofranconville.com\/wp-content\/uploads\/2024\/09\/LZH_3592-1364x2048.jpg 1364w, https:\/\/judofranconville.com\/wp-content\/uploads\/2024\/09\/LZH_3592-scaled.jpg 1705w\" sizes=\"(max-width: 200px) 100vw, 200px\" \/><\/p>\n<p style=\"text-align: center;\">Le Vis-pr\u00e9sident<\/p>\n<p style=\"text-align: center;\">Mr Maillochon Florent<\/p>\n<p>\u00a0<\/p>\n<p><img decoding=\"async\" class=\"size-medium wp-image-937 aligncenter\" src=\"https:\/\/judofranconville.com\/wp-content\/uploads\/2024\/09\/LZH_3677-200x300.jpg\" alt=\"\" width=\"200\" height=\"300\" srcset=\"https:\/\/judofranconville.com\/wp-content\/uploads\/2024\/09\/LZH_3677-200x300.jpg 200w, https:\/\/judofranconville.com\/wp-content\/uploads\/2024\/09\/LZH_3677-682x1024.jpg 682w, https:\/\/judofranconville.com\/wp-content\/uploads\/2024\/09\/LZH_3677-768x1153.jpg 768w, https:\/\/judofranconville.com\/wp-content\/uploads\/2024\/09\/LZH_3677-1023x1536.jpg 1023w, https:\/\/judofranconville.com\/wp-content\/uploads\/2024\/09\/LZH_3677-1364x2048.jpg 1364w, https:\/\/judofranconville.com\/wp-content\/uploads\/2024\/09\/LZH_3677-scaled.jpg 1705w\" sizes=\"(max-width: 200px) 100vw, 200px\" \/><\/p>\n<p style=\"text-align: center;\">Secr\u00e9taire G\u00e9n\u00e9ral \/ Web-Master<\/p>\n<p style=\"text-align: center;\">Mr Noulot S\u00e9bastien\u00a0<\/p>\n<p>\u00a0<\/p>\n<p><img loading=\"lazy\" decoding=\"async\" class=\"alignnone size-medium wp-image-938 aligncenter\" src=\"https:\/\/judofranconville.com\/wp-content\/uploads\/2024\/09\/LZH_3586-200x300.jpg\" alt=\"\" width=\"200\" height=\"300\" srcset=\"https:\/\/judofranconville.com\/wp-content\/uploads\/2024\/09\/LZH_3586-200x300.jpg 200w, https:\/\/judofranconville.com\/wp-content\/uploads\/2024\/09\/LZH_3586-682x1024.jpg 682w, https:\/\/judofranconville.com\/wp-content\/uploads\/2024\/09\/LZH_3586-768x1153.jpg 768w, https:\/\/judofranconville.com\/wp-content\/uploads\/2024\/09\/LZH_3586-1023x1536.jpg 1023w, https:\/\/judofranconville.com\/wp-content\/uploads\/2024\/09\/LZH_3586-1364x2048.jpg 1364w, https:\/\/judofranconville.com\/wp-content\/uploads\/2024\/09\/LZH_3586-scaled.jpg 1705w\" sizes=\"(max-width: 200px) 100vw, 200px\" \/><\/p>\n<p style=\"text-align: center;\">Tr\u00e9sorier<\/p>\n<p style=\"text-align: center;\">Mr Geoffrey DUBOIS<\/p>\n<p><img loading=\"lazy\" decoding=\"async\" class=\"size-medium wp-image-940 aligncenter\" src=\"https:\/\/judofranconville.com\/wp-content\/uploads\/2024\/09\/LZH_3594-200x300.jpg\" alt=\"\" width=\"200\" height=\"300\" srcset=\"https:\/\/judofranconville.com\/wp-content\/uploads\/2024\/09\/LZH_3594-200x300.jpg 200w, https:\/\/judofranconville.com\/wp-content\/uploads\/2024\/09\/LZH_3594-682x1024.jpg 682w, https:\/\/judofranconville.com\/wp-content\/uploads\/2024\/09\/LZH_3594-768x1153.jpg 768w, https:\/\/judofranconville.com\/wp-content\/uploads\/2024\/09\/LZH_3594-1023x1536.jpg 1023w, https:\/\/judofranconville.com\/wp-content\/uploads\/2024\/09\/LZH_3594-1364x2048.jpg 1364w, https:\/\/judofranconville.com\/wp-content\/uploads\/2024\/09\/LZH_3594-scaled.jpg 1705w\" sizes=\"(max-width: 200px) 100vw, 200px\" \/><\/p>\n<p style=\"text-align: center;\">Community Manager<\/p>\n<p style=\"text-align: center;\">Lecerf Johan<\/p>\n<p style=\"text-align: center;\"><img loading=\"lazy\" decoding=\"async\" class=\"alignnone size-medium wp-image-964\" src=\"https:\/\/judofranconville.com\/wp-content\/uploads\/2025\/04\/Sabrina-205x300.png\" alt=\"\" width=\"205\" height=\"300\" srcset=\"https:\/\/judofranconville.com\/wp-content\/uploads\/2025\/04\/Sabrina-205x300.png 205w, https:\/\/judofranconville.com\/wp-content\/uploads\/2025\/04\/Sabrina.png 374w\" sizes=\"(max-width: 205px) 100vw, 205px\" \/><\/p>\n<p style=\"text-align: center;\">Logistique<\/p>\n<p style=\"text-align: center;\">Sabrina\u00a0SANZ<\/p>\n<p>\u00a0<\/p>\n<p>\u00a0<\/p>\n<p><\/p>\t\t\t\t\t\t\t\t<\/div>\n\t\t\t\t<\/div>\n\t\t\t\t\t<\/div>\n\t\t<\/div>\n\t\t\t\t\t<\/div>\n\t\t<\/section>\n\t\t\t\t<section class=\"elementor-section elementor-top-section elementor-element elementor-element-9925dd2 elementor-section-boxed elementor-section-height-default elementor-section-height-default\" data-id=\"9925dd2\" data-element_type=\"section\" data-e-type=\"section\">\n\t\t\t\t\t\t<div class=\"elementor-container elementor-column-gap-default\">\n\t\t\t\t\t<div class=\"elementor-column elementor-col-100 elementor-top-column elementor-element elementor-element-1bc470b\" data-id=\"1bc470b\" data-element_type=\"column\" data-e-type=\"column\">\n\t\t\t<div class=\"elementor-widget-wrap elementor-element-populated\">\n\t\t\t\t\t\t<div class=\"elementor-element elementor-element-6907cbd elementor-widget elementor-widget-heading\" data-id=\"6907cbd\" data-element_type=\"widget\" data-e-type=\"widget\" data-widget_type=\"heading.default\">\n\t\t\t\t<div class=\"elementor-widget-container\">\n\t\t\t\t\t<h2 class=\"elementor-heading-title elementor-size-default\">Les professeurs<\/h2>\t\t\t\t<\/div>\n\t\t\t\t<\/div>\n\t\t\t\t\t<\/div>\n\t\t<\/div>\n\t\t\t\t\t<\/div>\n\t\t<\/section>\n\t\t\t\t<section class=\"elementor-section elementor-top-section elementor-element elementor-element-32f5e05 elementor-section-boxed elementor-section-height-default elementor-section-height-default\" data-id=\"32f5e05\" data-element_type=\"section\" data-e-type=\"section\">\n\t\t\t\t\t\t<div class=\"elementor-container elementor-column-gap-default\">\n\t\t\t\t\t<div class=\"elementor-column elementor-col-100 elementor-top-column elementor-element elementor-element-87f707d\" data-id=\"87f707d\" data-element_type=\"column\" data-e-type=\"column\">\n\t\t\t<div class=\"elementor-widget-wrap elementor-element-populated\">\n\t\t\t\t\t\t<section class=\"elementor-section elementor-inner-section elementor-element elementor-element-777eaf2 elementor-section-boxed elementor-section-height-default elementor-section-height-default\" data-id=\"777eaf2\" data-element_type=\"section\" data-e-type=\"section\">\n\t\t\t\t\t\t<div class=\"elementor-container elementor-column-gap-default\">\n\t\t\t\t\t<div class=\"elementor-column elementor-col-100 elementor-inner-column elementor-element elementor-element-02d5d27\" data-id=\"02d5d27\" data-element_type=\"column\" data-e-type=\"column\">\n\t\t\t<div class=\"elementor-widget-wrap elementor-element-populated\">\n\t\t\t\t\t\t<div class=\"elementor-element elementor-element-f8bab59 elementor-widget elementor-widget-text-editor\" data-id=\"f8bab59\" data-element_type=\"widget\" data-e-type=\"widget\" data-widget_type=\"text-editor.default\">\n\t\t\t\t<div class=\"elementor-widget-container\">\n\t\t\t\t\t\t\t\t\t<p><\/p>\n<figure class=\"wp-block-table\">\n<p>\u00a0<\/p>\n<p><img loading=\"lazy\" decoding=\"async\" class=\"size-medium wp-image-942 aligncenter\" src=\"https:\/\/judofranconville.com\/wp-content\/uploads\/2024\/09\/LZH_3589-200x300.jpg\" alt=\"\" width=\"200\" height=\"300\" srcset=\"https:\/\/judofranconville.com\/wp-content\/uploads\/2024\/09\/LZH_3589-200x300.jpg 200w, https:\/\/judofranconville.com\/wp-content\/uploads\/2024\/09\/LZH_3589-682x1024.jpg 682w, https:\/\/judofranconville.com\/wp-content\/uploads\/2024\/09\/LZH_3589-768x1153.jpg 768w, https:\/\/judofranconville.com\/wp-content\/uploads\/2024\/09\/LZH_3589-1023x1536.jpg 1023w, https:\/\/judofranconville.com\/wp-content\/uploads\/2024\/09\/LZH_3589-1364x2048.jpg 1364w, https:\/\/judofranconville.com\/wp-content\/uploads\/2024\/09\/LZH_3589-scaled.jpg 1705w\" sizes=\"(max-width: 200px) 100vw, 200px\" \/><\/p>\n<p style=\"text-align: center;\">Directeur technique \/ Professeur<\/p>\n<p style=\"text-align: center;\">Mr Anthony Hazard<\/p>\n<p>\u00a0<\/p>\n<p><img loading=\"lazy\" decoding=\"async\" class=\"size-medium wp-image-941 aligncenter\" src=\"https:\/\/judofranconville.com\/wp-content\/uploads\/2024\/09\/LZH_3641-200x300.jpg\" alt=\"\" width=\"200\" height=\"300\" srcset=\"https:\/\/judofranconville.com\/wp-content\/uploads\/2024\/09\/LZH_3641-200x300.jpg 200w, https:\/\/judofranconville.com\/wp-content\/uploads\/2024\/09\/LZH_3641-682x1024.jpg 682w, https:\/\/judofranconville.com\/wp-content\/uploads\/2024\/09\/LZH_3641-768x1153.jpg 768w, https:\/\/judofranconville.com\/wp-content\/uploads\/2024\/09\/LZH_3641-1023x1536.jpg 1023w, https:\/\/judofranconville.com\/wp-content\/uploads\/2024\/09\/LZH_3641-1364x2048.jpg 1364w, https:\/\/judofranconville.com\/wp-content\/uploads\/2024\/09\/LZH_3641-scaled.jpg 1705w\" sizes=\"(max-width: 200px) 100vw, 200px\" \/><\/p>\n<p style=\"text-align: center;\">Professeur<\/p>\n<p style=\"text-align: center;\">Mr Philippe Boyenval<\/p>\n<p>\u00a0<\/p>\n<p><img loading=\"lazy\" decoding=\"async\" class=\"size-medium wp-image-943 aligncenter\" src=\"https:\/\/judofranconville.com\/wp-content\/uploads\/2024\/09\/LZH_3939-200x300.jpg\" alt=\"\" width=\"200\" height=\"300\" srcset=\"https:\/\/judofranconville.com\/wp-content\/uploads\/2024\/09\/LZH_3939-200x300.jpg 200w, https:\/\/judofranconville.com\/wp-content\/uploads\/2024\/09\/LZH_3939-682x1024.jpg 682w, https:\/\/judofranconville.com\/wp-content\/uploads\/2024\/09\/LZH_3939-768x1153.jpg 768w, https:\/\/judofranconville.com\/wp-content\/uploads\/2024\/09\/LZH_3939-1023x1536.jpg 1023w, https:\/\/judofranconville.com\/wp-content\/uploads\/2024\/09\/LZH_3939-1364x2048.jpg 1364w, https:\/\/judofranconville.com\/wp-content\/uploads\/2024\/09\/LZH_3939-scaled.jpg 1705w\" sizes=\"(max-width: 200px) 100vw, 200px\" \/><\/p>\n<p style=\"text-align: center;\">Professeur<\/p>\n<p style=\"text-align: center;\">Mme Cosyns Laura<\/p>\n<\/figure>\n<p><\/p>\t\t\t\t\t\t\t\t<\/div>\n\t\t\t\t<\/div>\n\t\t\t\t\t<\/div>\n\t\t<\/div>\n\t\t\t\t\t<\/div>\n\t\t<\/section>\n\t\t\t\t\t<\/div>\n\t\t<\/div>\n\t\t\t\t\t<\/div>\n\t\t<\/section>\n\t\t<div class=\"elementor-element elementor-element-ca284ff e-flex e-con-boxed e-con e-parent\" data-id=\"ca284ff\" data-element_type=\"container\" data-e-type=\"container\">\n\t\t\t\t\t<div class=\"e-con-inner\">\n\t\t\t\t<div class=\"elementor-element elementor-element-5af73ea elementor-widget elementor-widget-image\" data-id=\"5af73ea\" data-element_type=\"widget\" data-e-type=\"widget\" data-widget_type=\"image.default\">\n\t\t\t\t<div class=\"elementor-widget-container\">\n\t\t\t\t\t\t\t\t\t\t\t\t\t\t\t<img loading=\"lazy\" decoding=\"async\" width=\"740\" height=\"493\" src=\"https:\/\/judofranconville.com\/wp-content\/uploads\/2024\/09\/LZH_3559-1024x682.jpg\" class=\"attachment-large size-large wp-image-927\" alt=\"Le Bureau du JCF\" srcset=\"https:\/\/judofranconville.com\/wp-content\/uploads\/2024\/09\/LZH_3559-1024x682.jpg 1024w, https:\/\/judofranconville.com\/wp-content\/uploads\/2024\/09\/LZH_3559-300x200.jpg 300w, https:\/\/judofranconville.com\/wp-content\/uploads\/2024\/09\/LZH_3559-768x512.jpg 768w, https:\/\/judofranconville.com\/wp-content\/uploads\/2024\/09\/LZH_3559-1536x1023.jpg 1536w, https:\/\/judofranconville.com\/wp-content\/uploads\/2024\/09\/LZH_3559-2048x1364.jpg 2048w\" sizes=\"100vw\" \/>\t\t\t\t\t\t\t\t\t\t\t\t\t\t\t<\/div>\n\t\t\t\t<\/div>\n\t\t\t\t\t<\/div>\n\t\t\t\t<\/div>\n\t\t\t\t<\/div>\n\t\t","protected":false},"excerpt":{"rendered":"<p>Le bureau Le Pr\u00e9sident Mr Borel Gr\u00e9gory \u00a0 Le Vis-pr\u00e9sident Mr Maillochon Florent \u00a0 Secr\u00e9taire G\u00e9n\u00e9ral \/ Web-Master Mr Noulot S\u00e9bastien\u00a0 \u00a0 Tr\u00e9sorier Mr Geoffrey DUBOIS Community Manager Lecerf Johan Logistique Sabrina\u00a0SANZ \u00a0 \u00a0 Les professeurs \u00a0 Directeur technique \/ Professeur Mr Anthony Hazard \u00a0 Professeur Mr Philippe Boyenval \u00a0 Professeur Mme Cosyns Laura<\/p>\n","protected":false},"author":1,"featured_media":0,"parent":0,"menu_order":0,"comment_status":"closed","ping_status":"closed","template":"","meta":{"_mc_calendar":[],"footnotes":""},"class_list":["post-37","page","type-page","status-publish","hentry"],"yoast_head":"<!-- This site is optimized with the Yoast SEO plugin v27.4 - https:\/\/yoast.com\/product\/yoast-seo-wordpress\/ -->\n<title>Organisation - Judo Club Franconville<\/title>\n<meta name=\"robots\" content=\"index, follow, max-snippet:-1, max-image-preview:large, max-video-preview:-1\" \/>\n<link rel=\"canonical\" href=\"https:\/\/judofranconville.com\/index.php\/organisation\/\" \/>\n<meta property=\"og:locale\" content=\"fr_FR\" \/>\n<meta property=\"og:type\" content=\"article\" \/>\n<meta property=\"og:title\" content=\"Organisation - Judo Club Franconville\" \/>\n<meta property=\"og:description\" content=\"Le bureau Le Pr\u00e9sident Mr Borel Gr\u00e9gory \u00a0 Le Vis-pr\u00e9sident Mr Maillochon Florent \u00a0 Secr\u00e9taire G\u00e9n\u00e9ral \/ Web-Master Mr Noulot S\u00e9bastien\u00a0 \u00a0 Tr\u00e9sorier Mr Geoffrey DUBOIS Community Manager Lecerf Johan Logistique Sabrina\u00a0SANZ \u00a0 \u00a0 Les professeurs \u00a0 Directeur technique \/ Professeur Mr Anthony Hazard \u00a0 Professeur Mr Philippe Boyenval \u00a0 Professeur Mme Cosyns Laura\" \/>\n<meta property=\"og:url\" content=\"https:\/\/judofranconville.com\/index.php\/organisation\/\" \/>\n<meta property=\"og:site_name\" content=\"Judo Club Franconville\" \/>\n<meta property=\"article:publisher\" content=\"https:\/\/www.facebook.com\/jc.franconville\" \/>\n<meta property=\"article:modified_time\" content=\"2025-04-11T15:42:08+00:00\" \/>\n<meta property=\"og:image\" content=\"https:\/\/judofranconville.com\/wp-content\/uploads\/2024\/09\/LZH_3583-scaled.jpg\" \/>\n\t<meta property=\"og:image:width\" content=\"1705\" \/>\n\t<meta property=\"og:image:height\" content=\"2560\" \/>\n\t<meta property=\"og:image:type\" content=\"image\/jpeg\" \/>\n<meta name=\"twitter:card\" content=\"summary_large_image\" \/>\n<meta name=\"twitter:label1\" content=\"Dur\u00e9e de lecture estim\u00e9e\" \/>\n\t<meta name=\"twitter:data1\" content=\"2 minutes\" \/>\n<script type=\"application\/ld+json\" class=\"yoast-schema-graph\">{\"@context\":\"https:\\\/\\\/schema.org\",\"@graph\":[{\"@type\":\"WebPage\",\"@id\":\"https:\\\/\\\/judofranconville.com\\\/index.php\\\/organisation\\\/\",\"url\":\"https:\\\/\\\/judofranconville.com\\\/index.php\\\/organisation\\\/\",\"name\":\"Organisation - Judo Club Franconville\",\"isPartOf\":{\"@id\":\"https:\\\/\\\/judofranconville.com\\\/#website\"},\"primaryImageOfPage\":{\"@id\":\"https:\\\/\\\/judofranconville.com\\\/index.php\\\/organisation\\\/#primaryimage\"},\"image\":{\"@id\":\"https:\\\/\\\/judofranconville.com\\\/index.php\\\/organisation\\\/#primaryimage\"},\"thumbnailUrl\":\"https:\\\/\\\/judofranconville.com\\\/wp-content\\\/uploads\\\/2024\\\/09\\\/LZH_3583-200x300.jpg\",\"datePublished\":\"2020-02-07T13:18:14+00:00\",\"dateModified\":\"2025-04-11T15:42:08+00:00\",\"breadcrumb\":{\"@id\":\"https:\\\/\\\/judofranconville.com\\\/index.php\\\/organisation\\\/#breadcrumb\"},\"inLanguage\":\"fr-FR\",\"potentialAction\":[{\"@type\":\"ReadAction\",\"target\":[\"https:\\\/\\\/judofranconville.com\\\/index.php\\\/organisation\\\/\"]}]},{\"@type\":\"ImageObject\",\"inLanguage\":\"fr-FR\",\"@id\":\"https:\\\/\\\/judofranconville.com\\\/index.php\\\/organisation\\\/#primaryimage\",\"url\":\"https:\\\/\\\/judofranconville.com\\\/wp-content\\\/uploads\\\/2024\\\/09\\\/LZH_3583-scaled.jpg\",\"contentUrl\":\"https:\\\/\\\/judofranconville.com\\\/wp-content\\\/uploads\\\/2024\\\/09\\\/LZH_3583-scaled.jpg\",\"width\":1705,\"height\":2560,\"caption\":\"Le Pr\u00e9sident: Borel Gr\u00e9gori\"},{\"@type\":\"BreadcrumbList\",\"@id\":\"https:\\\/\\\/judofranconville.com\\\/index.php\\\/organisation\\\/#breadcrumb\",\"itemListElement\":[{\"@type\":\"ListItem\",\"position\":1,\"name\":\"Accueil\",\"item\":\"https:\\\/\\\/judofranconville.com\\\/\"},{\"@type\":\"ListItem\",\"position\":2,\"name\":\"Organisation\"}]},{\"@type\":\"WebSite\",\"@id\":\"https:\\\/\\\/judofranconville.com\\\/#website\",\"url\":\"https:\\\/\\\/judofranconville.com\\\/\",\"name\":\"Judo Club Franconville\",\"description\":\"Le judo...Notre passion\",\"potentialAction\":[{\"@type\":\"SearchAction\",\"target\":{\"@type\":\"EntryPoint\",\"urlTemplate\":\"https:\\\/\\\/judofranconville.com\\\/?s={search_term_string}\"},\"query-input\":{\"@type\":\"PropertyValueSpecification\",\"valueRequired\":true,\"valueName\":\"search_term_string\"}}],\"inLanguage\":\"fr-FR\"}]}<\/script>\n<!-- \/ Yoast SEO plugin. -->","yoast_head_json":{"title":"Organisation - Judo Club Franconville","robots":{"index":"index","follow":"follow","max-snippet":"max-snippet:-1","max-image-preview":"max-image-preview:large","max-video-preview":"max-video-preview:-1"},"canonical":"https:\/\/judofranconville.com\/index.php\/organisation\/","og_locale":"fr_FR","og_type":"article","og_title":"Organisation - Judo Club Franconville","og_description":"Le bureau Le Pr\u00e9sident Mr Borel Gr\u00e9gory \u00a0 Le Vis-pr\u00e9sident Mr Maillochon Florent \u00a0 Secr\u00e9taire G\u00e9n\u00e9ral \/ Web-Master Mr Noulot S\u00e9bastien\u00a0 \u00a0 Tr\u00e9sorier Mr Geoffrey DUBOIS Community Manager Lecerf Johan Logistique Sabrina\u00a0SANZ \u00a0 \u00a0 Les professeurs \u00a0 Directeur technique \/ Professeur Mr Anthony Hazard \u00a0 Professeur Mr Philippe Boyenval \u00a0 Professeur Mme Cosyns Laura","og_url":"https:\/\/judofranconville.com\/index.php\/organisation\/","og_site_name":"Judo Club Franconville","article_publisher":"https:\/\/www.facebook.com\/jc.franconville","article_modified_time":"2025-04-11T15:42:08+00:00","og_image":[{"width":1705,"height":2560,"url":"https:\/\/judofranconville.com\/wp-content\/uploads\/2024\/09\/LZH_3583-scaled.jpg","type":"image\/jpeg"}],"twitter_card":"summary_large_image","twitter_misc":{"Dur\u00e9e de lecture estim\u00e9e":"2 minutes"},"schema":{"@context":"https:\/\/schema.org","@graph":[{"@type":"WebPage","@id":"https:\/\/judofranconville.com\/index.php\/organisation\/","url":"https:\/\/judofranconville.com\/index.php\/organisation\/","name":"Organisation - Judo Club Franconville","isPartOf":{"@id":"https:\/\/judofranconville.com\/#website"},"primaryImageOfPage":{"@id":"https:\/\/judofranconville.com\/index.php\/organisation\/#primaryimage"},"image":{"@id":"https:\/\/judofranconville.com\/index.php\/organisation\/#primaryimage"},"thumbnailUrl":"https:\/\/judofranconville.com\/wp-content\/uploads\/2024\/09\/LZH_3583-200x300.jpg","datePublished":"2020-02-07T13:18:14+00:00","dateModified":"2025-04-11T15:42:08+00:00","breadcrumb":{"@id":"https:\/\/judofranconville.com\/index.php\/organisation\/#breadcrumb"},"inLanguage":"fr-FR","potentialAction":[{"@type":"ReadAction","target":["https:\/\/judofranconville.com\/index.php\/organisation\/"]}]},{"@type":"ImageObject","inLanguage":"fr-FR","@id":"https:\/\/judofranconville.com\/index.php\/organisation\/#primaryimage","url":"https:\/\/judofranconville.com\/wp-content\/uploads\/2024\/09\/LZH_3583-scaled.jpg","contentUrl":"https:\/\/judofranconville.com\/wp-content\/uploads\/2024\/09\/LZH_3583-scaled.jpg","width":1705,"height":2560,"caption":"Le Pr\u00e9sident: Borel Gr\u00e9gori"},{"@type":"BreadcrumbList","@id":"https:\/\/judofranconville.com\/index.php\/organisation\/#breadcrumb","itemListElement":[{"@type":"ListItem","position":1,"name":"Accueil","item":"https:\/\/judofranconville.com\/"},{"@type":"ListItem","position":2,"name":"Organisation"}]},{"@type":"WebSite","@id":"https:\/\/judofranconville.com\/#website","url":"https:\/\/judofranconville.com\/","name":"Judo Club Franconville","description":"Le judo...Notre passion","potentialAction":[{"@type":"SearchAction","target":{"@type":"EntryPoint","urlTemplate":"https:\/\/judofranconville.com\/?s={search_term_string}"},"query-input":{"@type":"PropertyValueSpecification","valueRequired":true,"valueName":"search_term_string"}}],"inLanguage":"fr-FR"}]}},"_links":{"self":[{"href":"https:\/\/judofranconville.com\/index.php\/wp-json\/wp\/v2\/pages\/37","targetHints":{"allow":["GET"]}}],"collection":[{"href":"https:\/\/judofranconville.com\/index.php\/wp-json\/wp\/v2\/pages"}],"about":[{"href":"https:\/\/judofranconville.com\/index.php\/wp-json\/wp\/v2\/types\/page"}],"author":[{"embeddable":true,"href":"https:\/\/judofranconville.com\/index.php\/wp-json\/wp\/v2\/users\/1"}],"replies":[{"embeddable":true,"href":"https:\/\/judofranconville.com\/index.php\/wp-json\/wp\/v2\/comments?post=37"}],"version-history":[{"count":45,"href":"https:\/\/judofranconville.com\/index.php\/wp-json\/wp\/v2\/pages\/37\/revisions"}],"predecessor-version":[{"id":968,"href":"https:\/\/judofranconville.com\/index.php\/wp-json\/wp\/v2\/pages\/37\/revisions\/968"}],"wp:attachment":[{"href":"https:\/\/judofranconville.com\/index.php\/wp-json\/wp\/v2\/media?parent=37"}],"curies":[{"name":"wp","href":"https:\/\/api.w.org\/{rel}","templated":true}]}}