{"id":171,"date":"2020-02-28T14:35:45","date_gmt":"2020-02-28T13:35:45","guid":{"rendered":"http:\/\/judofranconville.com\/?page_id=171"},"modified":"2021-01-10T09:46:06","modified_gmt":"2021-01-10T08:46:06","slug":"vocabulaire","status":"publish","type":"page","link":"https:\/\/judofranconville.com\/index.php\/vocabulaire\/","title":{"rendered":"Vocabulaire"},"content":{"rendered":"<h2>Un peu de vocabulaire:<\/h2>\n<header><\/header>\n<p><strong>Sensei<\/strong> : Professeur<strong style=\"font-size: 14px; letter-spacing: 0px;\">Rei <\/strong>: Salut<strong>Tori<\/strong>&nbsp;: Celui qui fait<strong>Uke<\/strong>&nbsp;: Celui qui subit<strong>Ukemi<\/strong>&nbsp;: Chute<strong>Shizen tai <\/strong>: Position naturelle<strong>Ko<\/strong>&nbsp;: Petit<strong>O<\/strong>&nbsp;: Grand<strong>Soto<\/strong>&nbsp;: Ext\u00e9rieur<strong>Uchi<\/strong>&nbsp;: Int\u00e9rieur<strong>Migi<\/strong>&nbsp;: Droite<strong>Hidari<\/strong>&nbsp;: Gauche<strong>Hadjime<\/strong>&nbsp;: Commencer<strong>Mate<\/strong>&nbsp;: Arr\u00eater<\/p>\n<p><strong>Tachi Waza: Techniques de judo debout:<\/strong><\/p>\n<p><strong>O soto gari<\/strong>: Grand fauchage ext\u00e9rieur<br \/>\n<strong>O uchi gari<\/strong>: Grand fauchage int\u00e9rieur<br \/>\n<strong>O goshi<\/strong>: Grande projection de hanche<br \/>\n<strong>De ashi barai<\/strong>: Balayage du pied avanc\u00e9<\/p>\n<p><strong>Ne Waza: Techniques de judo au sol:<\/strong><\/p>\n<p><strong>Kusure gesa gatame<\/strong>: Contr\u00f4le par le travers (variante)<br \/>\n<strong>Yoko shiho gatame<\/strong>: Contr\u00f4le des 4 coins par le c\u00f4t\u00e9<br \/>\n<strong>Kami shiho gatame<\/strong>: Cont\u00f4le des 4 coins derri\u00e8re la t\u00eate<br \/>\n<strong>Tate shiho gatame<\/strong>: Contr\u00f4le des 4 coins \u00e0 cheval<\/p>\n<p><strong>Termes d&rsquo;arbitrage<\/strong><\/p>\n<p><strong>Chui <\/strong>: Faute moyenne<br \/>\n<strong>Fusen <\/strong>: Gachi victoire par forfait<br \/>\n<strong>Hajime <\/strong>: Commencez<br \/>\n<strong>Hansoku make<\/strong> : Disqualification<br \/>\n<strong>Hantei<\/strong> : Jugement<br \/>\n<strong>Hikiwake <\/strong>: Egalit\u00e9<br \/>\n<strong>Ippon <\/strong>: Un point victorieux<br \/>\n<strong>Jikan<\/strong> : Temps (chronom\u00e8tre)<br \/>\n<strong>Keikoku <\/strong>: Faute grave<br \/>\n<strong>Kiken gashi<\/strong> : Victoire par abandon<br \/>\n<strong>Koka <\/strong>: Petit avantage<br \/>\n<strong>Matte<\/strong> : Arr\u00eatez<br \/>\n<strong>Osae komi <\/strong>: Immobilisation<br \/>\n<strong>Shido<\/strong> : Faute l\u00e9g\u00e8re<br \/>\n<strong>Sogo gachi<\/strong> : Victoire par combinaison<br \/>\n<strong>Sono mama <\/strong>: Ne bougez plus<br \/>\n<strong>Sore made<\/strong> : Arr\u00eatez (fin)<br \/>\n<strong>Toketa <\/strong>: Sortie d&rsquo;immobilisation<br \/>\n<strong>Waza ari<\/strong> : Grand avantage technique<br \/>\n<strong>Yoshi<\/strong> : Reprenez<br \/>\n<strong>Yusei gachi<\/strong> : Victoire par sup\u00e9riorit\u00e9 technique<br \/>\n<strong>Yuko<\/strong> : Avantage moyen<\/p>\n","protected":false},"excerpt":{"rendered":"<p>Un peu de vocabulaire: Sensei : ProfesseurRei : SalutTori&nbsp;: Celui qui faitUke&nbsp;: Celui qui subitUkemi&nbsp;: ChuteShizen tai : Position naturelleKo&nbsp;: PetitO&nbsp;: GrandSoto&nbsp;: Ext\u00e9rieurUchi&nbsp;: Int\u00e9rieurMigi&nbsp;: DroiteHidari&nbsp;: GaucheHadjime&nbsp;: CommencerMate&nbsp;: Arr\u00eater Tachi Waza: Techniques de judo debout: O soto gari: Grand fauchage ext\u00e9rieur O uchi gari: Grand fauchage int\u00e9rieur O goshi: Grande projection de hanche De ashi barai: &hellip; <\/p>\n<p class=\"link-more\"><a href=\"https:\/\/judofranconville.com\/index.php\/vocabulaire\/\" class=\"more-link\">Continuer la lecture<span class=\"screen-reader-text\"> de &laquo;&nbsp;Vocabulaire&nbsp;&raquo;<\/span><\/a><\/p>\n","protected":false},"author":1,"featured_media":0,"parent":0,"menu_order":0,"comment_status":"closed","ping_status":"closed","template":"","meta":{"_mc_calendar":[],"footnotes":""},"class_list":["post-171","page","type-page","status-publish","hentry"],"yoast_head":"<!-- This site is optimized with the Yoast SEO plugin v27.4 - https:\/\/yoast.com\/product\/yoast-seo-wordpress\/ -->\n<title>Vocabulaire - Judo Club Franconville<\/title>\n<meta name=\"robots\" content=\"index, follow, max-snippet:-1, max-image-preview:large, max-video-preview:-1\" \/>\n<link rel=\"canonical\" href=\"https:\/\/judofranconville.com\/index.php\/vocabulaire\/\" \/>\n<meta property=\"og:locale\" content=\"fr_FR\" \/>\n<meta property=\"og:type\" content=\"article\" \/>\n<meta property=\"og:title\" content=\"Vocabulaire - Judo Club Franconville\" \/>\n<meta property=\"og:description\" content=\"Un peu de vocabulaire: Sensei : ProfesseurRei : SalutTori&nbsp;: Celui qui faitUke&nbsp;: Celui qui subitUkemi&nbsp;: ChuteShizen tai : Position naturelleKo&nbsp;: PetitO&nbsp;: GrandSoto&nbsp;: Ext\u00e9rieurUchi&nbsp;: Int\u00e9rieurMigi&nbsp;: DroiteHidari&nbsp;: GaucheHadjime&nbsp;: CommencerMate&nbsp;: Arr\u00eater Tachi Waza: Techniques de judo debout: O soto gari: Grand fauchage ext\u00e9rieur O uchi gari: Grand fauchage int\u00e9rieur O goshi: Grande projection de hanche De ashi barai: &hellip; Continuer la lecture de &laquo;&nbsp;Vocabulaire&nbsp;&raquo;\" \/>\n<meta property=\"og:url\" content=\"https:\/\/judofranconville.com\/index.php\/vocabulaire\/\" \/>\n<meta property=\"og:site_name\" content=\"Judo Club Franconville\" \/>\n<meta property=\"article:publisher\" content=\"https:\/\/www.facebook.com\/jc.franconville\" \/>\n<meta property=\"article:modified_time\" content=\"2021-01-10T08:46:06+00:00\" \/>\n<meta name=\"twitter:card\" content=\"summary_large_image\" \/>\n<meta name=\"twitter:label1\" content=\"Dur\u00e9e de lecture estim\u00e9e\" \/>\n\t<meta name=\"twitter:data1\" content=\"1 minute\" \/>\n<script type=\"application\/ld+json\" class=\"yoast-schema-graph\">{\"@context\":\"https:\\\/\\\/schema.org\",\"@graph\":[{\"@type\":\"WebPage\",\"@id\":\"https:\\\/\\\/judofranconville.com\\\/index.php\\\/vocabulaire\\\/\",\"url\":\"https:\\\/\\\/judofranconville.com\\\/index.php\\\/vocabulaire\\\/\",\"name\":\"Vocabulaire - Judo Club Franconville\",\"isPartOf\":{\"@id\":\"https:\\\/\\\/judofranconville.com\\\/#website\"},\"datePublished\":\"2020-02-28T13:35:45+00:00\",\"dateModified\":\"2021-01-10T08:46:06+00:00\",\"breadcrumb\":{\"@id\":\"https:\\\/\\\/judofranconville.com\\\/index.php\\\/vocabulaire\\\/#breadcrumb\"},\"inLanguage\":\"fr-FR\",\"potentialAction\":[{\"@type\":\"ReadAction\",\"target\":[\"https:\\\/\\\/judofranconville.com\\\/index.php\\\/vocabulaire\\\/\"]}]},{\"@type\":\"BreadcrumbList\",\"@id\":\"https:\\\/\\\/judofranconville.com\\\/index.php\\\/vocabulaire\\\/#breadcrumb\",\"itemListElement\":[{\"@type\":\"ListItem\",\"position\":1,\"name\":\"Accueil\",\"item\":\"https:\\\/\\\/judofranconville.com\\\/\"},{\"@type\":\"ListItem\",\"position\":2,\"name\":\"Vocabulaire\"}]},{\"@type\":\"WebSite\",\"@id\":\"https:\\\/\\\/judofranconville.com\\\/#website\",\"url\":\"https:\\\/\\\/judofranconville.com\\\/\",\"name\":\"Judo Club Franconville\",\"description\":\"Le judo...Notre passion\",\"potentialAction\":[{\"@type\":\"SearchAction\",\"target\":{\"@type\":\"EntryPoint\",\"urlTemplate\":\"https:\\\/\\\/judofranconville.com\\\/?s={search_term_string}\"},\"query-input\":{\"@type\":\"PropertyValueSpecification\",\"valueRequired\":true,\"valueName\":\"search_term_string\"}}],\"inLanguage\":\"fr-FR\"}]}<\/script>\n<!-- \/ Yoast SEO plugin. -->","yoast_head_json":{"title":"Vocabulaire - Judo Club Franconville","robots":{"index":"index","follow":"follow","max-snippet":"max-snippet:-1","max-image-preview":"max-image-preview:large","max-video-preview":"max-video-preview:-1"},"canonical":"https:\/\/judofranconville.com\/index.php\/vocabulaire\/","og_locale":"fr_FR","og_type":"article","og_title":"Vocabulaire - Judo Club Franconville","og_description":"Un peu de vocabulaire: Sensei : ProfesseurRei : SalutTori&nbsp;: Celui qui faitUke&nbsp;: Celui qui subitUkemi&nbsp;: ChuteShizen tai : Position naturelleKo&nbsp;: PetitO&nbsp;: GrandSoto&nbsp;: Ext\u00e9rieurUchi&nbsp;: Int\u00e9rieurMigi&nbsp;: DroiteHidari&nbsp;: GaucheHadjime&nbsp;: CommencerMate&nbsp;: Arr\u00eater Tachi Waza: Techniques de judo debout: O soto gari: Grand fauchage ext\u00e9rieur O uchi gari: Grand fauchage int\u00e9rieur O goshi: Grande projection de hanche De ashi barai: &hellip; Continuer la lecture de &laquo;&nbsp;Vocabulaire&nbsp;&raquo;","og_url":"https:\/\/judofranconville.com\/index.php\/vocabulaire\/","og_site_name":"Judo Club Franconville","article_publisher":"https:\/\/www.facebook.com\/jc.franconville","article_modified_time":"2021-01-10T08:46:06+00:00","twitter_card":"summary_large_image","twitter_misc":{"Dur\u00e9e de lecture estim\u00e9e":"1 minute"},"schema":{"@context":"https:\/\/schema.org","@graph":[{"@type":"WebPage","@id":"https:\/\/judofranconville.com\/index.php\/vocabulaire\/","url":"https:\/\/judofranconville.com\/index.php\/vocabulaire\/","name":"Vocabulaire - Judo Club Franconville","isPartOf":{"@id":"https:\/\/judofranconville.com\/#website"},"datePublished":"2020-02-28T13:35:45+00:00","dateModified":"2021-01-10T08:46:06+00:00","breadcrumb":{"@id":"https:\/\/judofranconville.com\/index.php\/vocabulaire\/#breadcrumb"},"inLanguage":"fr-FR","potentialAction":[{"@type":"ReadAction","target":["https:\/\/judofranconville.com\/index.php\/vocabulaire\/"]}]},{"@type":"BreadcrumbList","@id":"https:\/\/judofranconville.com\/index.php\/vocabulaire\/#breadcrumb","itemListElement":[{"@type":"ListItem","position":1,"name":"Accueil","item":"https:\/\/judofranconville.com\/"},{"@type":"ListItem","position":2,"name":"Vocabulaire"}]},{"@type":"WebSite","@id":"https:\/\/judofranconville.com\/#website","url":"https:\/\/judofranconville.com\/","name":"Judo Club Franconville","description":"Le judo...Notre passion","potentialAction":[{"@type":"SearchAction","target":{"@type":"EntryPoint","urlTemplate":"https:\/\/judofranconville.com\/?s={search_term_string}"},"query-input":{"@type":"PropertyValueSpecification","valueRequired":true,"valueName":"search_term_string"}}],"inLanguage":"fr-FR"}]}},"_links":{"self":[{"href":"https:\/\/judofranconville.com\/index.php\/wp-json\/wp\/v2\/pages\/171","targetHints":{"allow":["GET"]}}],"collection":[{"href":"https:\/\/judofranconville.com\/index.php\/wp-json\/wp\/v2\/pages"}],"about":[{"href":"https:\/\/judofranconville.com\/index.php\/wp-json\/wp\/v2\/types\/page"}],"author":[{"embeddable":true,"href":"https:\/\/judofranconville.com\/index.php\/wp-json\/wp\/v2\/users\/1"}],"replies":[{"embeddable":true,"href":"https:\/\/judofranconville.com\/index.php\/wp-json\/wp\/v2\/comments?post=171"}],"version-history":[{"count":7,"href":"https:\/\/judofranconville.com\/index.php\/wp-json\/wp\/v2\/pages\/171\/revisions"}],"predecessor-version":[{"id":190,"href":"https:\/\/judofranconville.com\/index.php\/wp-json\/wp\/v2\/pages\/171\/revisions\/190"}],"wp:attachment":[{"href":"https:\/\/judofranconville.com\/index.php\/wp-json\/wp\/v2\/media?parent=171"}],"curies":[{"name":"wp","href":"https:\/\/api.w.org\/{rel}","templated":true}]}}