{"id":155,"date":"2020-02-09T10:35:38","date_gmt":"2020-02-09T09:35:38","guid":{"rendered":"http:\/\/judofranconville.com\/?page_id=155"},"modified":"2023-10-12T08:56:13","modified_gmt":"2023-10-12T06:56:13","slug":"contact","status":"publish","type":"page","link":"https:\/\/judofranconville.com\/index.php\/contact\/","title":{"rendered":"Contact"},"content":{"rendered":"\n<p>Le bureau est ouvert les lundi et les vendredis de 18h30 \u00e0 19h45 et les mercredis de 18h00 \u00e0 19h00.<\/p>\n\n\n\n<p>Pour toutes questions et\/ou demandes vous pouvez nous contacter par mail \u00e0<\/p>\n\n\n\n<p>jcfranconville@gmail.com en pr\u00e9cisant votre nom, celui de votre enfant et son cours.<\/p>\n\n\n\n<p>Ou avec le formulaire ci-dessou.<\/p>\n\n\n\n<p>Vous pouvez aussi nous contacter aux num\u00e9ros suivant:<\/p>\n\n\n\n<p>Pr\u00e9sident : 06 16 45 29 63<\/p>\n\n\n\n<p>Secr\u00e9taire: 06 03 10 65 48<\/p>\n\n\n\n<p>Notre \u00e9quipe vous r\u00e9pondra d\u00e8s que possible.<\/p>\n\n\n\n<p>Vous pouvez aussi nous rencontrer du lundi au vendredi au dojo.<\/p>\n\n\n\n<p>Nous serons heureux de pouvoir vous r\u00e9pondre.<\/p>\n\n\n\n<p>Le bureau du Judo Club de Franconville<\/p>\n\n\n<div class=\"wpforms-container wpforms-container-full wpforms-block wpforms-block-14f938b9-c23f-4712-a9f3-99bdea756485\" id=\"wpforms-154\"><form id=\"wpforms-form-154\" class=\"wpforms-validate wpforms-form\" data-formid=\"154\" method=\"post\" enctype=\"multipart\/form-data\" action=\"\/index.php\/wp-json\/wp\/v2\/pages\/155\" data-token=\"67f5be47cf1cb2fdbf2e40496c97e723\" data-token-time=\"1777483059\"><div class=\"wpforms-head-container\"><\/div><noscript class=\"wpforms-error-noscript\">Veuillez activer JavaScript dans votre navigateur pour remplir ce formulaire.<\/noscript><div class=\"wpforms-field-container\"><div id=\"wpforms-154-field_0-container\" class=\"wpforms-field wpforms-field-name\" data-field-id=\"0\"><label class=\"wpforms-field-label\">Nom <span class=\"wpforms-required-label\">*<\/span><\/label><div class=\"wpforms-field-row wpforms-field-medium\"><div class=\"wpforms-field-row-block wpforms-first wpforms-one-half\"><input type=\"text\" id=\"wpforms-154-field_0\" class=\"wpforms-field-name-first wpforms-field-required\" name=\"wpforms[fields][0][first]\" required><label for=\"wpforms-154-field_0\" class=\"wpforms-field-sublabel after\">Pr\u00e9nom<\/label><\/div><div class=\"wpforms-field-row-block wpforms-one-half\"><input type=\"text\" id=\"wpforms-154-field_0-last\" class=\"wpforms-field-name-last wpforms-field-required\" name=\"wpforms[fields][0][last]\" required><label for=\"wpforms-154-field_0-last\" class=\"wpforms-field-sublabel after\">Nom<\/label><\/div><\/div><\/div><div id=\"wpforms-154-field_1-container\" class=\"wpforms-field wpforms-field-email\" data-field-id=\"1\"><label class=\"wpforms-field-label\" for=\"wpforms-154-field_1\">E-mail <span class=\"wpforms-required-label\">*<\/span><\/label><input type=\"email\" id=\"wpforms-154-field_1\" class=\"wpforms-field-medium wpforms-field-required\" name=\"wpforms[fields][1]\" spellcheck=\"false\" required><\/div><div id=\"wpforms-154-field_2-container\" class=\"wpforms-field wpforms-field-textarea\" data-field-id=\"2\"><label class=\"wpforms-field-label\" for=\"wpforms-154-field_2\">Commentaire ou message <span class=\"wpforms-required-label\">*<\/span><\/label><textarea id=\"wpforms-154-field_2\" class=\"wpforms-field-medium wpforms-field-required\" name=\"wpforms[fields][2]\" required><\/textarea><\/div><\/div><!-- .wpforms-field-container --><div class=\"wpforms-field wpforms-field-hp\"><label for=\"wpforms-154-field-hp\" class=\"wpforms-field-label\">Message<\/label><input type=\"text\" name=\"wpforms[hp]\" id=\"wpforms-154-field-hp\" class=\"wpforms-field-medium\"><\/div><div class=\"wpforms-recaptcha-container wpforms-is-recaptcha wpforms-is-recaptcha-type-v2\" ><div class=\"g-recaptcha\" data-sitekey=\"6Lds9dYUAAAAAPjT68kqytPwjnDmtcBn1BVNKibT\"><\/div><input type=\"text\" name=\"g-recaptcha-hidden\" class=\"wpforms-recaptcha-hidden\" style=\"position:absolute!important;clip:rect(0,0,0,0)!important;height:1px!important;width:1px!important;border:0!important;overflow:hidden!important;padding:0!important;margin:0!important;\" data-rule-recaptcha=\"1\"><\/div><div class=\"wpforms-submit-container\" ><input type=\"hidden\" name=\"wpforms[id]\" value=\"154\"><input type=\"hidden\" name=\"page_title\" value=\"\"><input type=\"hidden\" name=\"page_url\" value=\"https:\/\/judofranconville.com\/index.php\/wp-json\/wp\/v2\/pages\/155\"><input type=\"hidden\" name=\"url_referer\" value=\"\"><button type=\"submit\" name=\"wpforms[submit]\" id=\"wpforms-submit-154\" class=\"wpforms-submit\" data-alt-text=\"Envoi...\" data-submit-text=\"Envoyer\" aria-live=\"assertive\" value=\"wpforms-submit\">Envoyer<\/button><\/div><\/form><\/div>  <!-- .wpforms-container -->\n\n\n<p><\/p>\n","protected":false},"excerpt":{"rendered":"<p>Le bureau est ouvert les lundi et les vendredis de 18h30 \u00e0 19h45 et les mercredis de 18h00 \u00e0 19h00. Pour toutes questions et\/ou demandes vous pouvez nous contacter par mail \u00e0 jcfranconville@gmail.com en pr\u00e9cisant votre nom, celui de votre enfant et son cours. Ou avec le formulaire ci-dessou. Vous pouvez aussi nous contacter aux &hellip; <\/p>\n<p class=\"link-more\"><a href=\"https:\/\/judofranconville.com\/index.php\/contact\/\" class=\"more-link\">Continuer la lecture<span class=\"screen-reader-text\"> de &laquo;&nbsp;Contact&nbsp;&raquo;<\/span><\/a><\/p>\n","protected":false},"author":1,"featured_media":0,"parent":0,"menu_order":0,"comment_status":"closed","ping_status":"closed","template":"","meta":{"_mc_calendar":[],"footnotes":""},"class_list":["post-155","page","type-page","status-publish","hentry"],"yoast_head":"<!-- This site is optimized with the Yoast SEO plugin v27.5 - https:\/\/yoast.com\/product\/yoast-seo-wordpress\/ -->\n<title>Contact - Judo Club Franconville<\/title>\n<meta name=\"robots\" content=\"index, follow, max-snippet:-1, max-image-preview:large, max-video-preview:-1\" \/>\n<link rel=\"canonical\" href=\"https:\/\/judofranconville.com\/index.php\/contact\/\" \/>\n<meta property=\"og:locale\" content=\"fr_FR\" \/>\n<meta property=\"og:type\" content=\"article\" \/>\n<meta property=\"og:title\" content=\"Contact - Judo Club Franconville\" \/>\n<meta property=\"og:description\" content=\"Le bureau est ouvert les lundi et les vendredis de 18h30 \u00e0 19h45 et les mercredis de 18h00 \u00e0 19h00. Pour toutes questions et\/ou demandes vous pouvez nous contacter par mail \u00e0 jcfranconville@gmail.com en pr\u00e9cisant votre nom, celui de votre enfant et son cours. Ou avec le formulaire ci-dessou. Vous pouvez aussi nous contacter aux &hellip; Continuer la lecture de &laquo;&nbsp;Contact&nbsp;&raquo;\" \/>\n<meta property=\"og:url\" content=\"https:\/\/judofranconville.com\/index.php\/contact\/\" \/>\n<meta property=\"og:site_name\" content=\"Judo Club Franconville\" \/>\n<meta property=\"article:publisher\" content=\"https:\/\/www.facebook.com\/jc.franconville\" \/>\n<meta property=\"article:modified_time\" content=\"2023-10-12T06:56:13+00:00\" \/>\n<meta name=\"twitter:card\" content=\"summary_large_image\" \/>\n<script type=\"application\/ld+json\" class=\"yoast-schema-graph\">{\"@context\":\"https:\\\/\\\/schema.org\",\"@graph\":[{\"@type\":\"WebPage\",\"@id\":\"https:\\\/\\\/judofranconville.com\\\/index.php\\\/contact\\\/\",\"url\":\"https:\\\/\\\/judofranconville.com\\\/index.php\\\/contact\\\/\",\"name\":\"Contact - Judo Club Franconville\",\"isPartOf\":{\"@id\":\"https:\\\/\\\/judofranconville.com\\\/#website\"},\"datePublished\":\"2020-02-09T09:35:38+00:00\",\"dateModified\":\"2023-10-12T06:56:13+00:00\",\"breadcrumb\":{\"@id\":\"https:\\\/\\\/judofranconville.com\\\/index.php\\\/contact\\\/#breadcrumb\"},\"inLanguage\":\"fr-FR\",\"potentialAction\":[{\"@type\":\"ReadAction\",\"target\":[\"https:\\\/\\\/judofranconville.com\\\/index.php\\\/contact\\\/\"]}]},{\"@type\":\"BreadcrumbList\",\"@id\":\"https:\\\/\\\/judofranconville.com\\\/index.php\\\/contact\\\/#breadcrumb\",\"itemListElement\":[{\"@type\":\"ListItem\",\"position\":1,\"name\":\"Accueil\",\"item\":\"https:\\\/\\\/judofranconville.com\\\/\"},{\"@type\":\"ListItem\",\"position\":2,\"name\":\"Contact\"}]},{\"@type\":\"WebSite\",\"@id\":\"https:\\\/\\\/judofranconville.com\\\/#website\",\"url\":\"https:\\\/\\\/judofranconville.com\\\/\",\"name\":\"Judo Club Franconville\",\"description\":\"Le judo...Notre passion\",\"potentialAction\":[{\"@type\":\"SearchAction\",\"target\":{\"@type\":\"EntryPoint\",\"urlTemplate\":\"https:\\\/\\\/judofranconville.com\\\/?s={search_term_string}\"},\"query-input\":{\"@type\":\"PropertyValueSpecification\",\"valueRequired\":true,\"valueName\":\"search_term_string\"}}],\"inLanguage\":\"fr-FR\"}]}<\/script>\n<!-- \/ Yoast SEO plugin. -->","yoast_head_json":{"title":"Contact - Judo Club Franconville","robots":{"index":"index","follow":"follow","max-snippet":"max-snippet:-1","max-image-preview":"max-image-preview:large","max-video-preview":"max-video-preview:-1"},"canonical":"https:\/\/judofranconville.com\/index.php\/contact\/","og_locale":"fr_FR","og_type":"article","og_title":"Contact - Judo Club Franconville","og_description":"Le bureau est ouvert les lundi et les vendredis de 18h30 \u00e0 19h45 et les mercredis de 18h00 \u00e0 19h00. Pour toutes questions et\/ou demandes vous pouvez nous contacter par mail \u00e0 jcfranconville@gmail.com en pr\u00e9cisant votre nom, celui de votre enfant et son cours. Ou avec le formulaire ci-dessou. Vous pouvez aussi nous contacter aux &hellip; Continuer la lecture de &laquo;&nbsp;Contact&nbsp;&raquo;","og_url":"https:\/\/judofranconville.com\/index.php\/contact\/","og_site_name":"Judo Club Franconville","article_publisher":"https:\/\/www.facebook.com\/jc.franconville","article_modified_time":"2023-10-12T06:56:13+00:00","twitter_card":"summary_large_image","schema":{"@context":"https:\/\/schema.org","@graph":[{"@type":"WebPage","@id":"https:\/\/judofranconville.com\/index.php\/contact\/","url":"https:\/\/judofranconville.com\/index.php\/contact\/","name":"Contact - Judo Club Franconville","isPartOf":{"@id":"https:\/\/judofranconville.com\/#website"},"datePublished":"2020-02-09T09:35:38+00:00","dateModified":"2023-10-12T06:56:13+00:00","breadcrumb":{"@id":"https:\/\/judofranconville.com\/index.php\/contact\/#breadcrumb"},"inLanguage":"fr-FR","potentialAction":[{"@type":"ReadAction","target":["https:\/\/judofranconville.com\/index.php\/contact\/"]}]},{"@type":"BreadcrumbList","@id":"https:\/\/judofranconville.com\/index.php\/contact\/#breadcrumb","itemListElement":[{"@type":"ListItem","position":1,"name":"Accueil","item":"https:\/\/judofranconville.com\/"},{"@type":"ListItem","position":2,"name":"Contact"}]},{"@type":"WebSite","@id":"https:\/\/judofranconville.com\/#website","url":"https:\/\/judofranconville.com\/","name":"Judo Club Franconville","description":"Le judo...Notre passion","potentialAction":[{"@type":"SearchAction","target":{"@type":"EntryPoint","urlTemplate":"https:\/\/judofranconville.com\/?s={search_term_string}"},"query-input":{"@type":"PropertyValueSpecification","valueRequired":true,"valueName":"search_term_string"}}],"inLanguage":"fr-FR"}]}},"_links":{"self":[{"href":"https:\/\/judofranconville.com\/index.php\/wp-json\/wp\/v2\/pages\/155","targetHints":{"allow":["GET"]}}],"collection":[{"href":"https:\/\/judofranconville.com\/index.php\/wp-json\/wp\/v2\/pages"}],"about":[{"href":"https:\/\/judofranconville.com\/index.php\/wp-json\/wp\/v2\/types\/page"}],"author":[{"embeddable":true,"href":"https:\/\/judofranconville.com\/index.php\/wp-json\/wp\/v2\/users\/1"}],"replies":[{"embeddable":true,"href":"https:\/\/judofranconville.com\/index.php\/wp-json\/wp\/v2\/comments?post=155"}],"version-history":[{"count":5,"href":"https:\/\/judofranconville.com\/index.php\/wp-json\/wp\/v2\/pages\/155\/revisions"}],"predecessor-version":[{"id":800,"href":"https:\/\/judofranconville.com\/index.php\/wp-json\/wp\/v2\/pages\/155\/revisions\/800"}],"wp:attachment":[{"href":"https:\/\/judofranconville.com\/index.php\/wp-json\/wp\/v2\/media?parent=155"}],"curies":[{"name":"wp","href":"https:\/\/api.w.org\/{rel}","templated":true}]}}